{"id":194,"date":"2022-07-28T20:13:59","date_gmt":"2022-07-28T19:13:59","guid":{"rendered":"https:\/\/annesmurra.com\/?post_type=product&#038;p=194"},"modified":"2024-10-04T02:18:14","modified_gmt":"2024-10-04T01:18:14","slug":"dipende-dai-punti-di-vista","status":"publish","type":"product","link":"https:\/\/annesmurra.com\/en\/product\/dipende-dai-punti-di-vista\/","title":{"rendered":"DIPENDE DAI PUNTI DI VISTA III"},"content":{"rendered":"<p>A\u00f1o: 2023<\/p>\n<p>Sizes: 30 X 30 cm<\/p>\n<p>Mixed technique. Acrylic and resin on canvas.<\/p>\n<p>&nbsp;<\/p>\n<p>De la serie Los Mares de Anelis, quedan 3 ejemplares de Dipende dai punti di vista. Son copias realizadas a mano, lo cual son muy parecidas pero pueden tener peque\u00f1os detalles de variaci\u00f3n.<br \/>\nLas primeras 3 copias se hicieron en el 2022 ya vendidas, y las otras 3 en el 2023.<br \/>\nUtilic\u00e9 resina y arena, para ser m\u00e1s fiel a mi percepci\u00f3n. Todas mi sobras tienen un tinte de humor, o psicoan\u00e1lisis de trasfondo.<\/p>\n<aside>\n<h2 class=\"mt-5 h6 text-uppercase fw-normal\">\u00a0T\u00e9cnicas &amp; Estilos<\/h2>\n<div>\n<h3 class=\"mt-3 h6 fw-normal\"><i>Acr\u00edlico<\/i><\/h3>\n<p>Pinte con pigmentos tradicionales mezclados con resinas sint\u00e9ticas.<\/p>\n<\/div>\n<div>\n<h3 class=\"mt-3 h6 fw-normal\"><i>Collages<\/i><\/h3>\n<p>El collage es una t\u00e9cnica de creaci\u00f3n art\u00edstica que consiste en realizar una creaci\u00f3n pl\u00e1stica combinando elementos de diversa \u00edndole: materiales m\u00e1s o menos planos, como hule estampado, pintura o dibujo, extractos de peri\u00f3dicos con texto y fotos, pinturas en papel, documentos, objetos diversos de bajo relieve, etc. Cuando la creaci\u00f3n incorpora elementos en relieve, tambi\u00e9n se puede hablar de ensamblaje. Esto tambi\u00e9n incluye papeles encolados, que emplean una variedad de papeles, incluido el peri\u00f3dico y t\u00e9cnicas de dibujo.<\/p>\n<\/div>\n<div>\n<h3 class=\"mt-3 h6 fw-normal\"><i>T\u00e9cnica Pintura<\/i><\/h3>\n<p>La pintura es una forma art\u00edstica de pintar sobre una superficie mediante la aplicaci\u00f3n est\u00e9tica de fluidos de colores. Los pintores representan una expresi\u00f3n muy personal en soportes como papel, roca, lienzo, madera, corteza, vidrio, hormig\u00f3n y muchos otros sustratos. Obra de representaci\u00f3n o invenci\u00f3n, la pintura puede ser naturalista y figurativa, o abstracta. Puede tener contenido narrativo, descriptivo, simb\u00f3lico, espiritual o filos\u00f3fico.<\/p>\n<\/div>\n<\/aside>","protected":false},"excerpt":{"rendered":"<p>A\u00f1o: 2023 Medidas: 30 X 30 cm T\u00e9cnica mixta. Acr\u00edlico y resina sobre lienzo. &nbsp; De la serie Los Mares de Anelis, quedan 3 ejemplares de Dipende dai punti di vista. Son copias realizadas a mano, lo cual son muy parecidas pero pueden tener peque\u00f1os detalles de variaci\u00f3n. Las primeras 3 copias se hicieron en&#8230;<\/p>","protected":false},"featured_media":4510,"template":"","meta":{"_kad_post_transparent":"default","_kad_post_title":"","_kad_post_layout":"default","_kad_post_sidebar_id":"","_kad_post_content_style":"default","_kad_post_vertical_padding":"default","_kad_post_feature":"","_kad_post_feature_position":"","_kad_post_header":false,"_kad_post_footer":false},"product_brand":[],"product_cat":[17,38],"product_tag":[],"class_list":{"0":"post-194","1":"product","2":"type-product","3":"status-publish","4":"has-post-thumbnail","6":"product_cat-paitings","7":"product_cat-paintings-art-shop","9":"first","10":"instock","11":"shipping-taxable","12":"purchasable","13":"product-type-simple","14":"entry","15":"content-bg","16":"loop-entry"},"yoast_head":"<!-- This site is optimized with the Yoast SEO plugin v25.7 - https:\/\/yoast.com\/wordpress\/plugins\/seo\/ -->\n<title>DIPENDE DAI PUNTI DI VISTA III - Anne Smurra<\/title>\n<meta name=\"robots\" content=\"index, follow, max-snippet:-1, max-image-preview:large, max-video-preview:-1\" \/>\n<link rel=\"canonical\" href=\"https:\/\/annesmurra.com\/en\/product\/dipende-dai-punti-di-vista\/\" \/>\n<meta property=\"og:locale\" content=\"en_US\" \/>\n<meta property=\"og:type\" content=\"article\" \/>\n<meta property=\"og:title\" content=\"DIPENDE DAI PUNTI DI VISTA III - Anne Smurra\" \/>\n<meta property=\"og:description\" content=\"A\u00f1o: 2023 Medidas: 30 X 30 cm T\u00e9cnica mixta. Acr\u00edlico y resina sobre lienzo. &nbsp; De la serie Los Mares de Anelis, quedan 3 ejemplares de Dipende dai punti di vista. Son copias realizadas a mano, lo cual son muy parecidas pero pueden tener peque\u00f1os detalles de variaci\u00f3n. Las primeras 3 copias se hicieron en...\" \/>\n<meta property=\"og:url\" content=\"https:\/\/annesmurra.com\/en\/product\/dipende-dai-punti-di-vista\/\" \/>\n<meta property=\"og:site_name\" content=\"Anne Smurra\" \/>\n<meta property=\"article:publisher\" content=\"https:\/\/www.facebook.com\/annesmurraart\/\" \/>\n<meta property=\"article:modified_time\" content=\"2024-10-04T01:18:14+00:00\" \/>\n<meta property=\"og:image\" content=\"https:\/\/annesmurra.com\/wp-content\/uploads\/2022\/07\/WhatsApp-Image-2024-10-04-at-02.45.01-1-e1728004674159.jpeg\" \/>\n\t<meta property=\"og:image:width\" content=\"1010\" \/>\n\t<meta property=\"og:image:height\" content=\"952\" \/>\n\t<meta property=\"og:image:type\" content=\"image\/jpeg\" \/>\n<meta name=\"twitter:card\" content=\"summary_large_image\" \/>\n<meta name=\"twitter:label1\" content=\"Est. reading time\" \/>\n\t<meta name=\"twitter:data1\" content=\"2 minutes\" \/>\n<script type=\"application\/ld+json\" class=\"yoast-schema-graph\">{\"@context\":\"https:\/\/schema.org\",\"@graph\":[{\"@type\":\"WebPage\",\"@id\":\"https:\/\/annesmurra.com\/producto\/dipende-dai-punti-di-vista\/\",\"url\":\"https:\/\/annesmurra.com\/producto\/dipende-dai-punti-di-vista\/\",\"name\":\"DIPENDE DAI PUNTI DI VISTA III - Anne Smurra\",\"isPartOf\":{\"@id\":\"https:\/\/annesmurra.com\/#website\"},\"primaryImageOfPage\":{\"@id\":\"https:\/\/annesmurra.com\/producto\/dipende-dai-punti-di-vista\/#primaryimage\"},\"image\":{\"@id\":\"https:\/\/annesmurra.com\/producto\/dipende-dai-punti-di-vista\/#primaryimage\"},\"thumbnailUrl\":\"https:\/\/annesmurra.com\/wp-content\/uploads\/2022\/07\/WhatsApp-Image-2024-10-04-at-02.45.01-1-e1728004674159.jpeg\",\"datePublished\":\"2022-07-28T19:13:59+00:00\",\"dateModified\":\"2024-10-04T01:18:14+00:00\",\"breadcrumb\":{\"@id\":\"https:\/\/annesmurra.com\/producto\/dipende-dai-punti-di-vista\/#breadcrumb\"},\"inLanguage\":\"en-US\",\"potentialAction\":[{\"@type\":\"ReadAction\",\"target\":[\"https:\/\/annesmurra.com\/producto\/dipende-dai-punti-di-vista\/\"]}]},{\"@type\":\"ImageObject\",\"inLanguage\":\"en-US\",\"@id\":\"https:\/\/annesmurra.com\/producto\/dipende-dai-punti-di-vista\/#primaryimage\",\"url\":\"https:\/\/annesmurra.com\/wp-content\/uploads\/2022\/07\/WhatsApp-Image-2024-10-04-at-02.45.01-1-e1728004674159.jpeg\",\"contentUrl\":\"https:\/\/annesmurra.com\/wp-content\/uploads\/2022\/07\/WhatsApp-Image-2024-10-04-at-02.45.01-1-e1728004674159.jpeg\",\"width\":1010,\"height\":952},{\"@type\":\"BreadcrumbList\",\"@id\":\"https:\/\/annesmurra.com\/producto\/dipende-dai-punti-di-vista\/#breadcrumb\",\"itemListElement\":[{\"@type\":\"ListItem\",\"position\":1,\"name\":\"Home\",\"item\":\"https:\/\/annesmurra.com\/\"},{\"@type\":\"ListItem\",\"position\":2,\"name\":\"Tienda\",\"item\":\"https:\/\/annesmurra.com\/tienda\/\"},{\"@type\":\"ListItem\",\"position\":3,\"name\":\"DIPENDE DAI PUNTI DI VISTA III\"}]},{\"@type\":\"WebSite\",\"@id\":\"https:\/\/annesmurra.com\/#website\",\"url\":\"https:\/\/annesmurra.com\/\",\"name\":\"Anne Smurra\",\"description\":\"\",\"publisher\":{\"@id\":\"https:\/\/annesmurra.com\/#organization\"},\"potentialAction\":[{\"@type\":\"SearchAction\",\"target\":{\"@type\":\"EntryPoint\",\"urlTemplate\":\"https:\/\/annesmurra.com\/?s={search_term_string}\"},\"query-input\":{\"@type\":\"PropertyValueSpecification\",\"valueRequired\":true,\"valueName\":\"search_term_string\"}}],\"inLanguage\":\"en-US\"},{\"@type\":\"Organization\",\"@id\":\"https:\/\/annesmurra.com\/#organization\",\"name\":\"Anne Smurra\",\"url\":\"https:\/\/annesmurra.com\/\",\"logo\":{\"@type\":\"ImageObject\",\"inLanguage\":\"en-US\",\"@id\":\"https:\/\/annesmurra.com\/#\/schema\/logo\/image\/\",\"url\":\"https:\/\/annesmurra.com\/wp-content\/uploads\/2023\/09\/firma_horizontal.svg\",\"contentUrl\":\"https:\/\/annesmurra.com\/wp-content\/uploads\/2023\/09\/firma_horizontal.svg\",\"width\":567,\"height\":267,\"caption\":\"Anne Smurra\"},\"image\":{\"@id\":\"https:\/\/annesmurra.com\/#\/schema\/logo\/image\/\"},\"sameAs\":[\"https:\/\/www.facebook.com\/annesmurraart\/\",\"https:\/\/www.instagram.com\/annesmurraart\/\",\"https:\/\/www.pinterest.es\/annesmurraart\/\"]}]}<\/script>\n<!-- \/ Yoast SEO plugin. -->","yoast_head_json":{"title":"DIPENDE DAI PUNTI DI VISTA III - Anne Smurra","robots":{"index":"index","follow":"follow","max-snippet":"max-snippet:-1","max-image-preview":"max-image-preview:large","max-video-preview":"max-video-preview:-1"},"canonical":"https:\/\/annesmurra.com\/en\/product\/dipende-dai-punti-di-vista\/","og_locale":"en_US","og_type":"article","og_title":"DIPENDE DAI PUNTI DI VISTA III - Anne Smurra","og_description":"A\u00f1o: 2023 Medidas: 30 X 30 cm T\u00e9cnica mixta. Acr\u00edlico y resina sobre lienzo. &nbsp; De la serie Los Mares de Anelis, quedan 3 ejemplares de Dipende dai punti di vista. Son copias realizadas a mano, lo cual son muy parecidas pero pueden tener peque\u00f1os detalles de variaci\u00f3n. Las primeras 3 copias se hicieron en...","og_url":"https:\/\/annesmurra.com\/en\/product\/dipende-dai-punti-di-vista\/","og_site_name":"Anne Smurra","article_publisher":"https:\/\/www.facebook.com\/annesmurraart\/","article_modified_time":"2024-10-04T01:18:14+00:00","og_image":[{"width":1010,"height":952,"url":"https:\/\/annesmurra.com\/wp-content\/uploads\/2022\/07\/WhatsApp-Image-2024-10-04-at-02.45.01-1-e1728004674159.jpeg","type":"image\/jpeg"}],"twitter_card":"summary_large_image","twitter_misc":{"Est. reading time":"2 minutes"},"schema":{"@context":"https:\/\/schema.org","@graph":[{"@type":"WebPage","@id":"https:\/\/annesmurra.com\/producto\/dipende-dai-punti-di-vista\/","url":"https:\/\/annesmurra.com\/producto\/dipende-dai-punti-di-vista\/","name":"DIPENDE DAI PUNTI DI VISTA III - Anne Smurra","isPartOf":{"@id":"https:\/\/annesmurra.com\/#website"},"primaryImageOfPage":{"@id":"https:\/\/annesmurra.com\/producto\/dipende-dai-punti-di-vista\/#primaryimage"},"image":{"@id":"https:\/\/annesmurra.com\/producto\/dipende-dai-punti-di-vista\/#primaryimage"},"thumbnailUrl":"https:\/\/annesmurra.com\/wp-content\/uploads\/2022\/07\/WhatsApp-Image-2024-10-04-at-02.45.01-1-e1728004674159.jpeg","datePublished":"2022-07-28T19:13:59+00:00","dateModified":"2024-10-04T01:18:14+00:00","breadcrumb":{"@id":"https:\/\/annesmurra.com\/producto\/dipende-dai-punti-di-vista\/#breadcrumb"},"inLanguage":"en-US","potentialAction":[{"@type":"ReadAction","target":["https:\/\/annesmurra.com\/producto\/dipende-dai-punti-di-vista\/"]}]},{"@type":"ImageObject","inLanguage":"en-US","@id":"https:\/\/annesmurra.com\/producto\/dipende-dai-punti-di-vista\/#primaryimage","url":"https:\/\/annesmurra.com\/wp-content\/uploads\/2022\/07\/WhatsApp-Image-2024-10-04-at-02.45.01-1-e1728004674159.jpeg","contentUrl":"https:\/\/annesmurra.com\/wp-content\/uploads\/2022\/07\/WhatsApp-Image-2024-10-04-at-02.45.01-1-e1728004674159.jpeg","width":1010,"height":952},{"@type":"BreadcrumbList","@id":"https:\/\/annesmurra.com\/producto\/dipende-dai-punti-di-vista\/#breadcrumb","itemListElement":[{"@type":"ListItem","position":1,"name":"Home","item":"https:\/\/annesmurra.com\/"},{"@type":"ListItem","position":2,"name":"Tienda","item":"https:\/\/annesmurra.com\/tienda\/"},{"@type":"ListItem","position":3,"name":"DIPENDE DAI PUNTI DI VISTA III"}]},{"@type":"WebSite","@id":"https:\/\/annesmurra.com\/#website","url":"https:\/\/annesmurra.com\/","name":"Anne Smurra","description":"","publisher":{"@id":"https:\/\/annesmurra.com\/#organization"},"potentialAction":[{"@type":"SearchAction","target":{"@type":"EntryPoint","urlTemplate":"https:\/\/annesmurra.com\/?s={search_term_string}"},"query-input":{"@type":"PropertyValueSpecification","valueRequired":true,"valueName":"search_term_string"}}],"inLanguage":"en-US"},{"@type":"Organization","@id":"https:\/\/annesmurra.com\/#organization","name":"Anne Smurra","url":"https:\/\/annesmurra.com\/","logo":{"@type":"ImageObject","inLanguage":"en-US","@id":"https:\/\/annesmurra.com\/#\/schema\/logo\/image\/","url":"https:\/\/annesmurra.com\/wp-content\/uploads\/2023\/09\/firma_horizontal.svg","contentUrl":"https:\/\/annesmurra.com\/wp-content\/uploads\/2023\/09\/firma_horizontal.svg","width":567,"height":267,"caption":"Anne Smurra"},"image":{"@id":"https:\/\/annesmurra.com\/#\/schema\/logo\/image\/"},"sameAs":["https:\/\/www.facebook.com\/annesmurraart\/","https:\/\/www.instagram.com\/annesmurraart\/","https:\/\/www.pinterest.es\/annesmurraart\/"]}]}},"_links":{"self":[{"href":"https:\/\/annesmurra.com\/en\/wp-json\/wp\/v2\/product\/194","targetHints":{"allow":["GET"]}}],"collection":[{"href":"https:\/\/annesmurra.com\/en\/wp-json\/wp\/v2\/product"}],"about":[{"href":"https:\/\/annesmurra.com\/en\/wp-json\/wp\/v2\/types\/product"}],"wp:featuredmedia":[{"embeddable":true,"href":"https:\/\/annesmurra.com\/en\/wp-json\/wp\/v2\/media\/4510"}],"wp:attachment":[{"href":"https:\/\/annesmurra.com\/en\/wp-json\/wp\/v2\/media?parent=194"}],"wp:term":[{"taxonomy":"product_brand","embeddable":true,"href":"https:\/\/annesmurra.com\/en\/wp-json\/wp\/v2\/product_brand?post=194"},{"taxonomy":"product_cat","embeddable":true,"href":"https:\/\/annesmurra.com\/en\/wp-json\/wp\/v2\/product_cat?post=194"},{"taxonomy":"product_tag","embeddable":true,"href":"https:\/\/annesmurra.com\/en\/wp-json\/wp\/v2\/product_tag?post=194"}],"curies":[{"name":"wp","href":"https:\/\/api.w.org\/{rel}","templated":true}]}}