{"id":203,"date":"2022-07-28T20:19:01","date_gmt":"2022-07-28T19:19:01","guid":{"rendered":"https:\/\/annesmurra.com\/?post_type=product&#038;p=203"},"modified":"2023-09-25T21:24:49","modified_gmt":"2023-09-25T20:24:49","slug":"lost-in-hawaii","status":"publish","type":"product","link":"https:\/\/annesmurra.com\/en\/product\/lost-in-hawaii\/","title":{"rendered":"LOST IN HAWAII"},"content":{"rendered":"","protected":false},"excerpt":{"rendered":"<p>Year: 2022<\/p>\n<p>Sizes: 40 X 40 cm<\/p>\n<p>Mixed technique. Acrylic and resin on canvas.<\/p>","protected":false},"featured_media":205,"template":"","meta":{"_kad_post_transparent":"default","_kad_post_title":"","_kad_post_layout":"default","_kad_post_sidebar_id":"","_kad_post_content_style":"default","_kad_post_vertical_padding":"default","_kad_post_feature":"","_kad_post_feature_position":"","_kad_post_header":false,"_kad_post_footer":false},"product_brand":[],"product_cat":[17,38],"product_tag":[],"class_list":{"0":"post-203","1":"product","2":"type-product","3":"status-publish","4":"has-post-thumbnail","6":"product_cat-paitings","7":"product_cat-paintings-art-shop","9":"first","10":"outofstock","11":"shipping-taxable","12":"purchasable","13":"product-type-variable","14":"entry","15":"content-bg","16":"loop-entry"},"yoast_head":"<!-- This site is optimized with the Yoast SEO plugin v25.7 - https:\/\/yoast.com\/wordpress\/plugins\/seo\/ -->\n<title>LOST IN HAWAII - Anne Smurra<\/title>\n<meta name=\"robots\" content=\"index, follow, max-snippet:-1, max-image-preview:large, max-video-preview:-1\" \/>\n<link rel=\"canonical\" href=\"https:\/\/annesmurra.com\/en\/product\/lost-in-hawaii\/\" \/>\n<meta property=\"og:locale\" content=\"en_US\" \/>\n<meta property=\"og:type\" content=\"article\" \/>\n<meta property=\"og:title\" content=\"LOST IN HAWAII - Anne Smurra\" \/>\n<meta property=\"og:description\" content=\"A\u00f1o: 2022  Medidas: 40 X 40 cm  T\u00e9cnica mixta. Acr\u00edlico y resina sobre lienzo.\" \/>\n<meta property=\"og:url\" content=\"https:\/\/annesmurra.com\/en\/product\/lost-in-hawaii\/\" \/>\n<meta property=\"og:site_name\" content=\"Anne Smurra\" \/>\n<meta property=\"article:publisher\" content=\"https:\/\/www.facebook.com\/annesmurraart\/\" \/>\n<meta property=\"article:modified_time\" content=\"2023-09-25T20:24:49+00:00\" \/>\n<meta property=\"og:image\" content=\"https:\/\/annesmurra.com\/wp-content\/uploads\/2022\/07\/9.-LOST-IN-HAWAII.jpeg\" \/>\n\t<meta property=\"og:image:width\" content=\"700\" \/>\n\t<meta property=\"og:image:height\" content=\"624\" \/>\n\t<meta property=\"og:image:type\" content=\"image\/jpeg\" \/>\n<meta name=\"twitter:card\" content=\"summary_large_image\" \/>\n<script type=\"application\/ld+json\" class=\"yoast-schema-graph\">{\"@context\":\"https:\/\/schema.org\",\"@graph\":[{\"@type\":\"WebPage\",\"@id\":\"https:\/\/annesmurra.com\/producto\/lost-in-hawaii\/\",\"url\":\"https:\/\/annesmurra.com\/producto\/lost-in-hawaii\/\",\"name\":\"LOST IN HAWAII - Anne Smurra\",\"isPartOf\":{\"@id\":\"https:\/\/annesmurra.com\/#website\"},\"primaryImageOfPage\":{\"@id\":\"https:\/\/annesmurra.com\/producto\/lost-in-hawaii\/#primaryimage\"},\"image\":{\"@id\":\"https:\/\/annesmurra.com\/producto\/lost-in-hawaii\/#primaryimage\"},\"thumbnailUrl\":\"https:\/\/annesmurra.com\/wp-content\/uploads\/2022\/07\/9.-LOST-IN-HAWAII.jpeg\",\"datePublished\":\"2022-07-28T19:19:01+00:00\",\"dateModified\":\"2023-09-25T20:24:49+00:00\",\"breadcrumb\":{\"@id\":\"https:\/\/annesmurra.com\/producto\/lost-in-hawaii\/#breadcrumb\"},\"inLanguage\":\"en-US\",\"potentialAction\":[{\"@type\":\"ReadAction\",\"target\":[\"https:\/\/annesmurra.com\/producto\/lost-in-hawaii\/\"]}]},{\"@type\":\"ImageObject\",\"inLanguage\":\"en-US\",\"@id\":\"https:\/\/annesmurra.com\/producto\/lost-in-hawaii\/#primaryimage\",\"url\":\"https:\/\/annesmurra.com\/wp-content\/uploads\/2022\/07\/9.-LOST-IN-HAWAII.jpeg\",\"contentUrl\":\"https:\/\/annesmurra.com\/wp-content\/uploads\/2022\/07\/9.-LOST-IN-HAWAII.jpeg\",\"width\":700,\"height\":624},{\"@type\":\"BreadcrumbList\",\"@id\":\"https:\/\/annesmurra.com\/producto\/lost-in-hawaii\/#breadcrumb\",\"itemListElement\":[{\"@type\":\"ListItem\",\"position\":1,\"name\":\"Home\",\"item\":\"https:\/\/annesmurra.com\/\"},{\"@type\":\"ListItem\",\"position\":2,\"name\":\"Tienda\",\"item\":\"https:\/\/annesmurra.com\/tienda\/\"},{\"@type\":\"ListItem\",\"position\":3,\"name\":\"LOST IN HAWAII\"}]},{\"@type\":\"WebSite\",\"@id\":\"https:\/\/annesmurra.com\/#website\",\"url\":\"https:\/\/annesmurra.com\/\",\"name\":\"Anne Smurra\",\"description\":\"\",\"publisher\":{\"@id\":\"https:\/\/annesmurra.com\/#organization\"},\"potentialAction\":[{\"@type\":\"SearchAction\",\"target\":{\"@type\":\"EntryPoint\",\"urlTemplate\":\"https:\/\/annesmurra.com\/?s={search_term_string}\"},\"query-input\":{\"@type\":\"PropertyValueSpecification\",\"valueRequired\":true,\"valueName\":\"search_term_string\"}}],\"inLanguage\":\"en-US\"},{\"@type\":\"Organization\",\"@id\":\"https:\/\/annesmurra.com\/#organization\",\"name\":\"Anne Smurra\",\"url\":\"https:\/\/annesmurra.com\/\",\"logo\":{\"@type\":\"ImageObject\",\"inLanguage\":\"en-US\",\"@id\":\"https:\/\/annesmurra.com\/#\/schema\/logo\/image\/\",\"url\":\"https:\/\/annesmurra.com\/wp-content\/uploads\/2023\/09\/firma_horizontal.svg\",\"contentUrl\":\"https:\/\/annesmurra.com\/wp-content\/uploads\/2023\/09\/firma_horizontal.svg\",\"width\":567,\"height\":267,\"caption\":\"Anne Smurra\"},\"image\":{\"@id\":\"https:\/\/annesmurra.com\/#\/schema\/logo\/image\/\"},\"sameAs\":[\"https:\/\/www.facebook.com\/annesmurraart\/\",\"https:\/\/www.instagram.com\/annesmurraart\/\",\"https:\/\/www.pinterest.es\/annesmurraart\/\"]}]}<\/script>\n<!-- \/ Yoast SEO plugin. -->","yoast_head_json":{"title":"LOST IN HAWAII - Anne Smurra","robots":{"index":"index","follow":"follow","max-snippet":"max-snippet:-1","max-image-preview":"max-image-preview:large","max-video-preview":"max-video-preview:-1"},"canonical":"https:\/\/annesmurra.com\/en\/product\/lost-in-hawaii\/","og_locale":"en_US","og_type":"article","og_title":"LOST IN HAWAII - Anne Smurra","og_description":"A\u00f1o: 2022  Medidas: 40 X 40 cm  T\u00e9cnica mixta. Acr\u00edlico y resina sobre lienzo.","og_url":"https:\/\/annesmurra.com\/en\/product\/lost-in-hawaii\/","og_site_name":"Anne Smurra","article_publisher":"https:\/\/www.facebook.com\/annesmurraart\/","article_modified_time":"2023-09-25T20:24:49+00:00","og_image":[{"width":700,"height":624,"url":"https:\/\/annesmurra.com\/wp-content\/uploads\/2022\/07\/9.-LOST-IN-HAWAII.jpeg","type":"image\/jpeg"}],"twitter_card":"summary_large_image","schema":{"@context":"https:\/\/schema.org","@graph":[{"@type":"WebPage","@id":"https:\/\/annesmurra.com\/producto\/lost-in-hawaii\/","url":"https:\/\/annesmurra.com\/producto\/lost-in-hawaii\/","name":"LOST IN HAWAII - Anne Smurra","isPartOf":{"@id":"https:\/\/annesmurra.com\/#website"},"primaryImageOfPage":{"@id":"https:\/\/annesmurra.com\/producto\/lost-in-hawaii\/#primaryimage"},"image":{"@id":"https:\/\/annesmurra.com\/producto\/lost-in-hawaii\/#primaryimage"},"thumbnailUrl":"https:\/\/annesmurra.com\/wp-content\/uploads\/2022\/07\/9.-LOST-IN-HAWAII.jpeg","datePublished":"2022-07-28T19:19:01+00:00","dateModified":"2023-09-25T20:24:49+00:00","breadcrumb":{"@id":"https:\/\/annesmurra.com\/producto\/lost-in-hawaii\/#breadcrumb"},"inLanguage":"en-US","potentialAction":[{"@type":"ReadAction","target":["https:\/\/annesmurra.com\/producto\/lost-in-hawaii\/"]}]},{"@type":"ImageObject","inLanguage":"en-US","@id":"https:\/\/annesmurra.com\/producto\/lost-in-hawaii\/#primaryimage","url":"https:\/\/annesmurra.com\/wp-content\/uploads\/2022\/07\/9.-LOST-IN-HAWAII.jpeg","contentUrl":"https:\/\/annesmurra.com\/wp-content\/uploads\/2022\/07\/9.-LOST-IN-HAWAII.jpeg","width":700,"height":624},{"@type":"BreadcrumbList","@id":"https:\/\/annesmurra.com\/producto\/lost-in-hawaii\/#breadcrumb","itemListElement":[{"@type":"ListItem","position":1,"name":"Home","item":"https:\/\/annesmurra.com\/"},{"@type":"ListItem","position":2,"name":"Tienda","item":"https:\/\/annesmurra.com\/tienda\/"},{"@type":"ListItem","position":3,"name":"LOST IN HAWAII"}]},{"@type":"WebSite","@id":"https:\/\/annesmurra.com\/#website","url":"https:\/\/annesmurra.com\/","name":"Anne Smurra","description":"","publisher":{"@id":"https:\/\/annesmurra.com\/#organization"},"potentialAction":[{"@type":"SearchAction","target":{"@type":"EntryPoint","urlTemplate":"https:\/\/annesmurra.com\/?s={search_term_string}"},"query-input":{"@type":"PropertyValueSpecification","valueRequired":true,"valueName":"search_term_string"}}],"inLanguage":"en-US"},{"@type":"Organization","@id":"https:\/\/annesmurra.com\/#organization","name":"Anne Smurra","url":"https:\/\/annesmurra.com\/","logo":{"@type":"ImageObject","inLanguage":"en-US","@id":"https:\/\/annesmurra.com\/#\/schema\/logo\/image\/","url":"https:\/\/annesmurra.com\/wp-content\/uploads\/2023\/09\/firma_horizontal.svg","contentUrl":"https:\/\/annesmurra.com\/wp-content\/uploads\/2023\/09\/firma_horizontal.svg","width":567,"height":267,"caption":"Anne Smurra"},"image":{"@id":"https:\/\/annesmurra.com\/#\/schema\/logo\/image\/"},"sameAs":["https:\/\/www.facebook.com\/annesmurraart\/","https:\/\/www.instagram.com\/annesmurraart\/","https:\/\/www.pinterest.es\/annesmurraart\/"]}]}},"_links":{"self":[{"href":"https:\/\/annesmurra.com\/en\/wp-json\/wp\/v2\/product\/203","targetHints":{"allow":["GET"]}}],"collection":[{"href":"https:\/\/annesmurra.com\/en\/wp-json\/wp\/v2\/product"}],"about":[{"href":"https:\/\/annesmurra.com\/en\/wp-json\/wp\/v2\/types\/product"}],"wp:featuredmedia":[{"embeddable":true,"href":"https:\/\/annesmurra.com\/en\/wp-json\/wp\/v2\/media\/205"}],"wp:attachment":[{"href":"https:\/\/annesmurra.com\/en\/wp-json\/wp\/v2\/media?parent=203"}],"wp:term":[{"taxonomy":"product_brand","embeddable":true,"href":"https:\/\/annesmurra.com\/en\/wp-json\/wp\/v2\/product_brand?post=203"},{"taxonomy":"product_cat","embeddable":true,"href":"https:\/\/annesmurra.com\/en\/wp-json\/wp\/v2\/product_cat?post=203"},{"taxonomy":"product_tag","embeddable":true,"href":"https:\/\/annesmurra.com\/en\/wp-json\/wp\/v2\/product_tag?post=203"}],"curies":[{"name":"wp","href":"https:\/\/api.w.org\/{rel}","templated":true}]}}