{"id":213,"date":"2022-07-28T20:27:00","date_gmt":"2022-07-28T19:27:00","guid":{"rendered":"https:\/\/annesmurra.com\/?post_type=product&#038;p=213"},"modified":"2023-09-25T21:24:47","modified_gmt":"2023-09-25T20:24:47","slug":"momentum","status":"publish","type":"product","link":"https:\/\/annesmurra.com\/en\/product\/momentum\/","title":{"rendered":"MOMENTUM"},"content":{"rendered":"","protected":false},"excerpt":{"rendered":"<p>Year: 2022<\/p>\n<p>Sizes: 60 X 40 cm<\/p>\n<p>Mixed technique. Acrylic and resin on canvas.<\/p>","protected":false},"featured_media":216,"template":"","meta":{"_kad_post_transparent":"default","_kad_post_title":"","_kad_post_layout":"default","_kad_post_sidebar_id":"","_kad_post_content_style":"default","_kad_post_vertical_padding":"default","_kad_post_feature":"","_kad_post_feature_position":"","_kad_post_header":false,"_kad_post_footer":false},"product_brand":[],"product_cat":[17,38],"product_tag":[],"class_list":{"0":"post-213","1":"product","2":"type-product","3":"status-publish","4":"has-post-thumbnail","6":"product_cat-paitings","7":"product_cat-paintings-art-shop","9":"first","10":"instock","11":"shipping-taxable","12":"purchasable","13":"product-type-variable","14":"entry","15":"content-bg","16":"loop-entry"},"yoast_head":"<!-- This site is optimized with the Yoast SEO plugin v25.7 - https:\/\/yoast.com\/wordpress\/plugins\/seo\/ -->\n<title>MOMENTUM - Anne Smurra<\/title>\n<meta name=\"robots\" content=\"index, follow, max-snippet:-1, max-image-preview:large, max-video-preview:-1\" \/>\n<link rel=\"canonical\" href=\"https:\/\/annesmurra.com\/en\/product\/momentum\/\" \/>\n<meta property=\"og:locale\" content=\"en_US\" \/>\n<meta property=\"og:type\" content=\"article\" \/>\n<meta property=\"og:title\" content=\"MOMENTUM - Anne Smurra\" \/>\n<meta property=\"og:description\" content=\"A\u00f1o: 2022  Medidas: 60 X 40 cm  T\u00e9cnica mixta. Acr\u00edlico y resina sobre lienzo.\" \/>\n<meta property=\"og:url\" content=\"https:\/\/annesmurra.com\/en\/product\/momentum\/\" \/>\n<meta property=\"og:site_name\" content=\"Anne Smurra\" \/>\n<meta property=\"article:publisher\" content=\"https:\/\/www.facebook.com\/annesmurraart\/\" \/>\n<meta property=\"article:modified_time\" content=\"2023-09-25T20:24:47+00:00\" \/>\n<meta property=\"og:image\" content=\"https:\/\/annesmurra.com\/wp-content\/uploads\/2022\/07\/12.-MOMENTUM-scaled.jpg\" \/>\n\t<meta property=\"og:image:width\" content=\"2560\" \/>\n\t<meta property=\"og:image:height\" content=\"2146\" \/>\n\t<meta property=\"og:image:type\" content=\"image\/jpeg\" \/>\n<meta name=\"twitter:card\" content=\"summary_large_image\" \/>\n<script type=\"application\/ld+json\" class=\"yoast-schema-graph\">{\"@context\":\"https:\/\/schema.org\",\"@graph\":[{\"@type\":\"WebPage\",\"@id\":\"https:\/\/annesmurra.com\/producto\/momentum\/\",\"url\":\"https:\/\/annesmurra.com\/producto\/momentum\/\",\"name\":\"MOMENTUM - Anne Smurra\",\"isPartOf\":{\"@id\":\"https:\/\/annesmurra.com\/#website\"},\"primaryImageOfPage\":{\"@id\":\"https:\/\/annesmurra.com\/producto\/momentum\/#primaryimage\"},\"image\":{\"@id\":\"https:\/\/annesmurra.com\/producto\/momentum\/#primaryimage\"},\"thumbnailUrl\":\"https:\/\/annesmurra.com\/wp-content\/uploads\/2022\/07\/12.-MOMENTUM-scaled.jpg\",\"datePublished\":\"2022-07-28T19:27:00+00:00\",\"dateModified\":\"2023-09-25T20:24:47+00:00\",\"breadcrumb\":{\"@id\":\"https:\/\/annesmurra.com\/producto\/momentum\/#breadcrumb\"},\"inLanguage\":\"en-US\",\"potentialAction\":[{\"@type\":\"ReadAction\",\"target\":[\"https:\/\/annesmurra.com\/producto\/momentum\/\"]}]},{\"@type\":\"ImageObject\",\"inLanguage\":\"en-US\",\"@id\":\"https:\/\/annesmurra.com\/producto\/momentum\/#primaryimage\",\"url\":\"https:\/\/annesmurra.com\/wp-content\/uploads\/2022\/07\/12.-MOMENTUM-scaled.jpg\",\"contentUrl\":\"https:\/\/annesmurra.com\/wp-content\/uploads\/2022\/07\/12.-MOMENTUM-scaled.jpg\",\"width\":2560,\"height\":2146},{\"@type\":\"BreadcrumbList\",\"@id\":\"https:\/\/annesmurra.com\/producto\/momentum\/#breadcrumb\",\"itemListElement\":[{\"@type\":\"ListItem\",\"position\":1,\"name\":\"Home\",\"item\":\"https:\/\/annesmurra.com\/\"},{\"@type\":\"ListItem\",\"position\":2,\"name\":\"Tienda\",\"item\":\"https:\/\/annesmurra.com\/tienda\/\"},{\"@type\":\"ListItem\",\"position\":3,\"name\":\"MOMENTUM\"}]},{\"@type\":\"WebSite\",\"@id\":\"https:\/\/annesmurra.com\/#website\",\"url\":\"https:\/\/annesmurra.com\/\",\"name\":\"Anne Smurra\",\"description\":\"\",\"publisher\":{\"@id\":\"https:\/\/annesmurra.com\/#organization\"},\"potentialAction\":[{\"@type\":\"SearchAction\",\"target\":{\"@type\":\"EntryPoint\",\"urlTemplate\":\"https:\/\/annesmurra.com\/?s={search_term_string}\"},\"query-input\":{\"@type\":\"PropertyValueSpecification\",\"valueRequired\":true,\"valueName\":\"search_term_string\"}}],\"inLanguage\":\"en-US\"},{\"@type\":\"Organization\",\"@id\":\"https:\/\/annesmurra.com\/#organization\",\"name\":\"Anne Smurra\",\"url\":\"https:\/\/annesmurra.com\/\",\"logo\":{\"@type\":\"ImageObject\",\"inLanguage\":\"en-US\",\"@id\":\"https:\/\/annesmurra.com\/#\/schema\/logo\/image\/\",\"url\":\"https:\/\/annesmurra.com\/wp-content\/uploads\/2023\/09\/firma_horizontal.svg\",\"contentUrl\":\"https:\/\/annesmurra.com\/wp-content\/uploads\/2023\/09\/firma_horizontal.svg\",\"width\":567,\"height\":267,\"caption\":\"Anne Smurra\"},\"image\":{\"@id\":\"https:\/\/annesmurra.com\/#\/schema\/logo\/image\/\"},\"sameAs\":[\"https:\/\/www.facebook.com\/annesmurraart\/\",\"https:\/\/www.instagram.com\/annesmurraart\/\",\"https:\/\/www.pinterest.es\/annesmurraart\/\"]}]}<\/script>\n<!-- \/ Yoast SEO plugin. -->","yoast_head_json":{"title":"MOMENTUM - Anne Smurra","robots":{"index":"index","follow":"follow","max-snippet":"max-snippet:-1","max-image-preview":"max-image-preview:large","max-video-preview":"max-video-preview:-1"},"canonical":"https:\/\/annesmurra.com\/en\/product\/momentum\/","og_locale":"en_US","og_type":"article","og_title":"MOMENTUM - Anne Smurra","og_description":"A\u00f1o: 2022  Medidas: 60 X 40 cm  T\u00e9cnica mixta. Acr\u00edlico y resina sobre lienzo.","og_url":"https:\/\/annesmurra.com\/en\/product\/momentum\/","og_site_name":"Anne Smurra","article_publisher":"https:\/\/www.facebook.com\/annesmurraart\/","article_modified_time":"2023-09-25T20:24:47+00:00","og_image":[{"width":2560,"height":2146,"url":"https:\/\/annesmurra.com\/wp-content\/uploads\/2022\/07\/12.-MOMENTUM-scaled.jpg","type":"image\/jpeg"}],"twitter_card":"summary_large_image","schema":{"@context":"https:\/\/schema.org","@graph":[{"@type":"WebPage","@id":"https:\/\/annesmurra.com\/producto\/momentum\/","url":"https:\/\/annesmurra.com\/producto\/momentum\/","name":"MOMENTUM - Anne Smurra","isPartOf":{"@id":"https:\/\/annesmurra.com\/#website"},"primaryImageOfPage":{"@id":"https:\/\/annesmurra.com\/producto\/momentum\/#primaryimage"},"image":{"@id":"https:\/\/annesmurra.com\/producto\/momentum\/#primaryimage"},"thumbnailUrl":"https:\/\/annesmurra.com\/wp-content\/uploads\/2022\/07\/12.-MOMENTUM-scaled.jpg","datePublished":"2022-07-28T19:27:00+00:00","dateModified":"2023-09-25T20:24:47+00:00","breadcrumb":{"@id":"https:\/\/annesmurra.com\/producto\/momentum\/#breadcrumb"},"inLanguage":"en-US","potentialAction":[{"@type":"ReadAction","target":["https:\/\/annesmurra.com\/producto\/momentum\/"]}]},{"@type":"ImageObject","inLanguage":"en-US","@id":"https:\/\/annesmurra.com\/producto\/momentum\/#primaryimage","url":"https:\/\/annesmurra.com\/wp-content\/uploads\/2022\/07\/12.-MOMENTUM-scaled.jpg","contentUrl":"https:\/\/annesmurra.com\/wp-content\/uploads\/2022\/07\/12.-MOMENTUM-scaled.jpg","width":2560,"height":2146},{"@type":"BreadcrumbList","@id":"https:\/\/annesmurra.com\/producto\/momentum\/#breadcrumb","itemListElement":[{"@type":"ListItem","position":1,"name":"Home","item":"https:\/\/annesmurra.com\/"},{"@type":"ListItem","position":2,"name":"Tienda","item":"https:\/\/annesmurra.com\/tienda\/"},{"@type":"ListItem","position":3,"name":"MOMENTUM"}]},{"@type":"WebSite","@id":"https:\/\/annesmurra.com\/#website","url":"https:\/\/annesmurra.com\/","name":"Anne Smurra","description":"","publisher":{"@id":"https:\/\/annesmurra.com\/#organization"},"potentialAction":[{"@type":"SearchAction","target":{"@type":"EntryPoint","urlTemplate":"https:\/\/annesmurra.com\/?s={search_term_string}"},"query-input":{"@type":"PropertyValueSpecification","valueRequired":true,"valueName":"search_term_string"}}],"inLanguage":"en-US"},{"@type":"Organization","@id":"https:\/\/annesmurra.com\/#organization","name":"Anne Smurra","url":"https:\/\/annesmurra.com\/","logo":{"@type":"ImageObject","inLanguage":"en-US","@id":"https:\/\/annesmurra.com\/#\/schema\/logo\/image\/","url":"https:\/\/annesmurra.com\/wp-content\/uploads\/2023\/09\/firma_horizontal.svg","contentUrl":"https:\/\/annesmurra.com\/wp-content\/uploads\/2023\/09\/firma_horizontal.svg","width":567,"height":267,"caption":"Anne Smurra"},"image":{"@id":"https:\/\/annesmurra.com\/#\/schema\/logo\/image\/"},"sameAs":["https:\/\/www.facebook.com\/annesmurraart\/","https:\/\/www.instagram.com\/annesmurraart\/","https:\/\/www.pinterest.es\/annesmurraart\/"]}]}},"_links":{"self":[{"href":"https:\/\/annesmurra.com\/en\/wp-json\/wp\/v2\/product\/213","targetHints":{"allow":["GET"]}}],"collection":[{"href":"https:\/\/annesmurra.com\/en\/wp-json\/wp\/v2\/product"}],"about":[{"href":"https:\/\/annesmurra.com\/en\/wp-json\/wp\/v2\/types\/product"}],"wp:featuredmedia":[{"embeddable":true,"href":"https:\/\/annesmurra.com\/en\/wp-json\/wp\/v2\/media\/216"}],"wp:attachment":[{"href":"https:\/\/annesmurra.com\/en\/wp-json\/wp\/v2\/media?parent=213"}],"wp:term":[{"taxonomy":"product_brand","embeddable":true,"href":"https:\/\/annesmurra.com\/en\/wp-json\/wp\/v2\/product_brand?post=213"},{"taxonomy":"product_cat","embeddable":true,"href":"https:\/\/annesmurra.com\/en\/wp-json\/wp\/v2\/product_cat?post=213"},{"taxonomy":"product_tag","embeddable":true,"href":"https:\/\/annesmurra.com\/en\/wp-json\/wp\/v2\/product_tag?post=213"}],"curies":[{"name":"wp","href":"https:\/\/api.w.org\/{rel}","templated":true}]}}