{"id":4339,"date":"2024-08-22T13:46:01","date_gmt":"2024-08-22T12:46:01","guid":{"rendered":"https:\/\/annesmurra.com\/?post_type=product&#038;p=4339"},"modified":"2025-05-26T20:22:34","modified_gmt":"2025-05-26T19:22:34","slug":"conde-san-cristobal-2020-ribera-del-duero-variedades-tinta-fina-cabernet-sauvignon-merlot","status":"publish","type":"product","link":"https:\/\/annesmurra.com\/en\/product\/conde-san-cristobal-2020-ribera-del-duero-variedades-tinta-fina-cabernet-sauvignon-merlot\/","title":{"rendered":"Conde San Cristobal 2020 Ribera del Duero"},"content":{"rendered":"<div class=\"summary entry-summary\">\n<div class=\"woocommerce-product-details__short-description\">\n<p>Variedades Tinta Fina Cabernet Sauvignon Merlot<\/p>\n<p>Tim Atkin vuelve a situar a Conde de San Crist\u00f3bal, por tercer a\u00f1o consecutivo, entre las mejores bodegas de Ribera del Duero<br \/>\nLa bodega, situada en el Pago de Valdestremero, en el coraz\u00f3n de la Ribera del Duero, se consolida en el selecto grupo Second Growths mejorando las puntuaciones de todos sus vinos, todas superiores a los 90 puntos<br \/>\nEl cr\u00edtico y Master of Wine incluye OYDOR 2020 y Conde de San Crist\u00f3bal Reserva Especial 2021 en el Top 100 de vinos de Ribera del Duero y los destaca con 96 puntos y 95 puntos, respectivamente. Por su parte, a Conde de San Crist\u00f3bal 880 m 2020 le otorga 93 puntos, a Conde de San Crist\u00f3bal Crianza 2021 92 puntos y a Conde de San Crist\u00f3bal Flamingo Ros\u00e9 91 puntos<br \/>\nConde de San Crist\u00f3bal est\u00e1 elaborado a partir de las variedades Tinta fina (80%), y un peque\u00f1o porcentaje de Cabernet Sauvignon y Merlot. Las uvas proceden de vi\u00f1edos de entre 12 a 32 a\u00f1os de edad.<br \/>\nPara el cultivo de las vi\u00f1as se ha omitido el empleo de productos nocivos para el medio ambiente como pesticidas y herbicidas, en su lugar se utilizan fertilizantes de origen natural.<br \/>\nLa vendimia se realiza de forma manual en cajas de 15kg durante las dos \u00faltimas semanas de septiembre y la primera de ocutbre.<br \/>\nPara su elaboraci\u00f3n, despu\u00e9s del despalillado de la uva, \u00e9sta se conduce por gravedad a los dep\u00f3sitos de acero inoxidable donde el mosto fermentar\u00e1 durante unos 9-12 d\u00edas a una temperatura de 20-24\u00baC.<br \/>\nFinalmente, tras la vinificaci\u00f3n, Conde de San Crist\u00f3bal pasa una crianza de 12 a 14 meses en barricas nuevas de roble franc\u00e9s, ruso y americano.<\/p>\n<p>&nbsp;<\/p>\n<p>RED WINE. DRINK IN MODERATION.CONTAINS SULFITES.<\/p>\n<\/div>\n<form class=\"cart\" action=\"https:\/\/annesmurra.com\/en\/product\/la-nuage\/\" enctype=\"multipart\/form-data\" method=\"post\" data-trp-original-action=\"https:\/\/annesmurra.com\/producto\/la-nuage\/\"><input type=\"hidden\" name=\"trp-form-language\" value=\"en\"\/><\/form>\n<\/div>\n<div class=\"woocommerce-tabs wc-tabs-wrapper\"><\/div>","protected":false},"excerpt":{"rendered":"<p>Variedades Tinta Fina Cabernet Sauvignon Merlot Tim Atkin vuelve a situar a Conde de San Crist\u00f3bal, por tercer a\u00f1o consecutivo, entre las mejores bodegas de Ribera del Duero La bodega, situada en el Pago de Valdestremero, en el coraz\u00f3n de la Ribera del Duero, se consolida en el selecto grupo Second Growths mejorando las puntuaciones&#8230;<\/p>","protected":false},"featured_media":4342,"template":"","meta":{"_kad_post_transparent":"default","_kad_post_title":"","_kad_post_layout":"default","_kad_post_sidebar_id":"","_kad_post_content_style":"default","_kad_post_vertical_padding":"default","_kad_post_feature":"","_kad_post_feature_position":"","_kad_post_header":false,"_kad_post_footer":false},"product_brand":[],"product_cat":[42,43],"product_tag":[116,115,117,118,114,119,113],"class_list":{"0":"post-4339","1":"product","2":"type-product","3":"status-publish","4":"has-post-thumbnail","6":"product_cat-anelis","7":"product_cat-vinos","8":"product_tag-cabernet","9":"product_tag-conde","10":"product_tag-merlot","11":"product_tag-premiado","12":"product_tag-red-wine","13":"product_tag-roble","14":"product_tag-vino","16":"first","17":"outofstock","18":"shipping-taxable","19":"product-type-simple","20":"entry","21":"content-bg","22":"loop-entry"},"yoast_head":"<!-- This site is optimized with the Yoast SEO plugin v25.7 - https:\/\/yoast.com\/wordpress\/plugins\/seo\/ -->\n<title>Conde San Cristobal 2020 Ribera del Duero - Anne Smurra<\/title>\n<meta name=\"robots\" content=\"index, follow, max-snippet:-1, max-image-preview:large, max-video-preview:-1\" \/>\n<link rel=\"canonical\" href=\"https:\/\/annesmurra.com\/en\/product\/conde-san-cristobal-2020-ribera-del-duero-variedades-tinta-fina-cabernet-sauvignon-merlot\/\" \/>\n<meta property=\"og:locale\" content=\"en_US\" \/>\n<meta property=\"og:type\" content=\"article\" \/>\n<meta property=\"og:title\" content=\"Conde San Cristobal 2020 Ribera del Duero - Anne Smurra\" \/>\n<meta property=\"og:description\" content=\"Variedades Tinta Fina Cabernet Sauvignon Merlot Tim Atkin vuelve a situar a Conde de San Crist\u00f3bal, por tercer a\u00f1o consecutivo, entre las mejores bodegas de Ribera del Duero La bodega, situada en el Pago de Valdestremero, en el coraz\u00f3n de la Ribera del Duero, se consolida en el selecto grupo Second Growths mejorando las puntuaciones...\" \/>\n<meta property=\"og:url\" content=\"https:\/\/annesmurra.com\/en\/product\/conde-san-cristobal-2020-ribera-del-duero-variedades-tinta-fina-cabernet-sauvignon-merlot\/\" \/>\n<meta property=\"og:site_name\" content=\"Anne Smurra\" \/>\n<meta property=\"article:publisher\" content=\"https:\/\/www.facebook.com\/annesmurraart\/\" \/>\n<meta property=\"article:modified_time\" content=\"2025-05-26T19:22:34+00:00\" \/>\n<meta property=\"og:image\" content=\"https:\/\/annesmurra.com\/wp-content\/uploads\/2024\/08\/VinoCondeDeSanCristobal_1.jpg\" \/>\n\t<meta property=\"og:image:width\" content=\"500\" \/>\n\t<meta property=\"og:image:height\" content=\"500\" \/>\n\t<meta property=\"og:image:type\" content=\"image\/jpeg\" \/>\n<meta name=\"twitter:card\" content=\"summary_large_image\" \/>\n<meta name=\"twitter:label1\" content=\"Est. reading time\" \/>\n\t<meta name=\"twitter:data1\" content=\"2 minutes\" \/>\n<script type=\"application\/ld+json\" class=\"yoast-schema-graph\">{\"@context\":\"https:\/\/schema.org\",\"@graph\":[{\"@type\":\"WebPage\",\"@id\":\"https:\/\/annesmurra.com\/producto\/conde-san-cristobal-2020-ribera-del-duero-variedades-tinta-fina-cabernet-sauvignon-merlot\/\",\"url\":\"https:\/\/annesmurra.com\/producto\/conde-san-cristobal-2020-ribera-del-duero-variedades-tinta-fina-cabernet-sauvignon-merlot\/\",\"name\":\"Conde San Cristobal 2020 Ribera del Duero - Anne Smurra\",\"isPartOf\":{\"@id\":\"https:\/\/annesmurra.com\/#website\"},\"primaryImageOfPage\":{\"@id\":\"https:\/\/annesmurra.com\/producto\/conde-san-cristobal-2020-ribera-del-duero-variedades-tinta-fina-cabernet-sauvignon-merlot\/#primaryimage\"},\"image\":{\"@id\":\"https:\/\/annesmurra.com\/producto\/conde-san-cristobal-2020-ribera-del-duero-variedades-tinta-fina-cabernet-sauvignon-merlot\/#primaryimage\"},\"thumbnailUrl\":\"https:\/\/annesmurra.com\/wp-content\/uploads\/2024\/08\/VinoCondeDeSanCristobal_1.jpg\",\"datePublished\":\"2024-08-22T12:46:01+00:00\",\"dateModified\":\"2025-05-26T19:22:34+00:00\",\"breadcrumb\":{\"@id\":\"https:\/\/annesmurra.com\/producto\/conde-san-cristobal-2020-ribera-del-duero-variedades-tinta-fina-cabernet-sauvignon-merlot\/#breadcrumb\"},\"inLanguage\":\"en-US\",\"potentialAction\":[{\"@type\":\"ReadAction\",\"target\":[\"https:\/\/annesmurra.com\/producto\/conde-san-cristobal-2020-ribera-del-duero-variedades-tinta-fina-cabernet-sauvignon-merlot\/\"]}]},{\"@type\":\"ImageObject\",\"inLanguage\":\"en-US\",\"@id\":\"https:\/\/annesmurra.com\/producto\/conde-san-cristobal-2020-ribera-del-duero-variedades-tinta-fina-cabernet-sauvignon-merlot\/#primaryimage\",\"url\":\"https:\/\/annesmurra.com\/wp-content\/uploads\/2024\/08\/VinoCondeDeSanCristobal_1.jpg\",\"contentUrl\":\"https:\/\/annesmurra.com\/wp-content\/uploads\/2024\/08\/VinoCondeDeSanCristobal_1.jpg\",\"width\":500,\"height\":500},{\"@type\":\"BreadcrumbList\",\"@id\":\"https:\/\/annesmurra.com\/producto\/conde-san-cristobal-2020-ribera-del-duero-variedades-tinta-fina-cabernet-sauvignon-merlot\/#breadcrumb\",\"itemListElement\":[{\"@type\":\"ListItem\",\"position\":1,\"name\":\"Home\",\"item\":\"https:\/\/annesmurra.com\/\"},{\"@type\":\"ListItem\",\"position\":2,\"name\":\"Tienda\",\"item\":\"https:\/\/annesmurra.com\/tienda\/\"},{\"@type\":\"ListItem\",\"position\":3,\"name\":\"Conde San Cristobal 2020 Ribera del Duero\"}]},{\"@type\":\"WebSite\",\"@id\":\"https:\/\/annesmurra.com\/#website\",\"url\":\"https:\/\/annesmurra.com\/\",\"name\":\"Anne Smurra\",\"description\":\"\",\"publisher\":{\"@id\":\"https:\/\/annesmurra.com\/#organization\"},\"potentialAction\":[{\"@type\":\"SearchAction\",\"target\":{\"@type\":\"EntryPoint\",\"urlTemplate\":\"https:\/\/annesmurra.com\/?s={search_term_string}\"},\"query-input\":{\"@type\":\"PropertyValueSpecification\",\"valueRequired\":true,\"valueName\":\"search_term_string\"}}],\"inLanguage\":\"en-US\"},{\"@type\":\"Organization\",\"@id\":\"https:\/\/annesmurra.com\/#organization\",\"name\":\"Anne Smurra\",\"url\":\"https:\/\/annesmurra.com\/\",\"logo\":{\"@type\":\"ImageObject\",\"inLanguage\":\"en-US\",\"@id\":\"https:\/\/annesmurra.com\/#\/schema\/logo\/image\/\",\"url\":\"https:\/\/annesmurra.com\/wp-content\/uploads\/2023\/09\/firma_horizontal.svg\",\"contentUrl\":\"https:\/\/annesmurra.com\/wp-content\/uploads\/2023\/09\/firma_horizontal.svg\",\"width\":567,\"height\":267,\"caption\":\"Anne Smurra\"},\"image\":{\"@id\":\"https:\/\/annesmurra.com\/#\/schema\/logo\/image\/\"},\"sameAs\":[\"https:\/\/www.facebook.com\/annesmurraart\/\",\"https:\/\/www.instagram.com\/annesmurraart\/\",\"https:\/\/www.pinterest.es\/annesmurraart\/\"]}]}<\/script>\n<!-- \/ Yoast SEO plugin. -->","yoast_head_json":{"title":"Conde San Cristobal 2020 Ribera del Duero - Anne Smurra","robots":{"index":"index","follow":"follow","max-snippet":"max-snippet:-1","max-image-preview":"max-image-preview:large","max-video-preview":"max-video-preview:-1"},"canonical":"https:\/\/annesmurra.com\/en\/product\/conde-san-cristobal-2020-ribera-del-duero-variedades-tinta-fina-cabernet-sauvignon-merlot\/","og_locale":"en_US","og_type":"article","og_title":"Conde San Cristobal 2020 Ribera del Duero - Anne Smurra","og_description":"Variedades Tinta Fina Cabernet Sauvignon Merlot Tim Atkin vuelve a situar a Conde de San Crist\u00f3bal, por tercer a\u00f1o consecutivo, entre las mejores bodegas de Ribera del Duero La bodega, situada en el Pago de Valdestremero, en el coraz\u00f3n de la Ribera del Duero, se consolida en el selecto grupo Second Growths mejorando las puntuaciones...","og_url":"https:\/\/annesmurra.com\/en\/product\/conde-san-cristobal-2020-ribera-del-duero-variedades-tinta-fina-cabernet-sauvignon-merlot\/","og_site_name":"Anne Smurra","article_publisher":"https:\/\/www.facebook.com\/annesmurraart\/","article_modified_time":"2025-05-26T19:22:34+00:00","og_image":[{"width":500,"height":500,"url":"https:\/\/annesmurra.com\/wp-content\/uploads\/2024\/08\/VinoCondeDeSanCristobal_1.jpg","type":"image\/jpeg"}],"twitter_card":"summary_large_image","twitter_misc":{"Est. reading time":"2 minutes"},"schema":{"@context":"https:\/\/schema.org","@graph":[{"@type":"WebPage","@id":"https:\/\/annesmurra.com\/producto\/conde-san-cristobal-2020-ribera-del-duero-variedades-tinta-fina-cabernet-sauvignon-merlot\/","url":"https:\/\/annesmurra.com\/producto\/conde-san-cristobal-2020-ribera-del-duero-variedades-tinta-fina-cabernet-sauvignon-merlot\/","name":"Conde San Cristobal 2020 Ribera del Duero - Anne Smurra","isPartOf":{"@id":"https:\/\/annesmurra.com\/#website"},"primaryImageOfPage":{"@id":"https:\/\/annesmurra.com\/producto\/conde-san-cristobal-2020-ribera-del-duero-variedades-tinta-fina-cabernet-sauvignon-merlot\/#primaryimage"},"image":{"@id":"https:\/\/annesmurra.com\/producto\/conde-san-cristobal-2020-ribera-del-duero-variedades-tinta-fina-cabernet-sauvignon-merlot\/#primaryimage"},"thumbnailUrl":"https:\/\/annesmurra.com\/wp-content\/uploads\/2024\/08\/VinoCondeDeSanCristobal_1.jpg","datePublished":"2024-08-22T12:46:01+00:00","dateModified":"2025-05-26T19:22:34+00:00","breadcrumb":{"@id":"https:\/\/annesmurra.com\/producto\/conde-san-cristobal-2020-ribera-del-duero-variedades-tinta-fina-cabernet-sauvignon-merlot\/#breadcrumb"},"inLanguage":"en-US","potentialAction":[{"@type":"ReadAction","target":["https:\/\/annesmurra.com\/producto\/conde-san-cristobal-2020-ribera-del-duero-variedades-tinta-fina-cabernet-sauvignon-merlot\/"]}]},{"@type":"ImageObject","inLanguage":"en-US","@id":"https:\/\/annesmurra.com\/producto\/conde-san-cristobal-2020-ribera-del-duero-variedades-tinta-fina-cabernet-sauvignon-merlot\/#primaryimage","url":"https:\/\/annesmurra.com\/wp-content\/uploads\/2024\/08\/VinoCondeDeSanCristobal_1.jpg","contentUrl":"https:\/\/annesmurra.com\/wp-content\/uploads\/2024\/08\/VinoCondeDeSanCristobal_1.jpg","width":500,"height":500},{"@type":"BreadcrumbList","@id":"https:\/\/annesmurra.com\/producto\/conde-san-cristobal-2020-ribera-del-duero-variedades-tinta-fina-cabernet-sauvignon-merlot\/#breadcrumb","itemListElement":[{"@type":"ListItem","position":1,"name":"Home","item":"https:\/\/annesmurra.com\/"},{"@type":"ListItem","position":2,"name":"Tienda","item":"https:\/\/annesmurra.com\/tienda\/"},{"@type":"ListItem","position":3,"name":"Conde San Cristobal 2020 Ribera del Duero"}]},{"@type":"WebSite","@id":"https:\/\/annesmurra.com\/#website","url":"https:\/\/annesmurra.com\/","name":"Anne Smurra","description":"","publisher":{"@id":"https:\/\/annesmurra.com\/#organization"},"potentialAction":[{"@type":"SearchAction","target":{"@type":"EntryPoint","urlTemplate":"https:\/\/annesmurra.com\/?s={search_term_string}"},"query-input":{"@type":"PropertyValueSpecification","valueRequired":true,"valueName":"search_term_string"}}],"inLanguage":"en-US"},{"@type":"Organization","@id":"https:\/\/annesmurra.com\/#organization","name":"Anne Smurra","url":"https:\/\/annesmurra.com\/","logo":{"@type":"ImageObject","inLanguage":"en-US","@id":"https:\/\/annesmurra.com\/#\/schema\/logo\/image\/","url":"https:\/\/annesmurra.com\/wp-content\/uploads\/2023\/09\/firma_horizontal.svg","contentUrl":"https:\/\/annesmurra.com\/wp-content\/uploads\/2023\/09\/firma_horizontal.svg","width":567,"height":267,"caption":"Anne Smurra"},"image":{"@id":"https:\/\/annesmurra.com\/#\/schema\/logo\/image\/"},"sameAs":["https:\/\/www.facebook.com\/annesmurraart\/","https:\/\/www.instagram.com\/annesmurraart\/","https:\/\/www.pinterest.es\/annesmurraart\/"]}]}},"_links":{"self":[{"href":"https:\/\/annesmurra.com\/en\/wp-json\/wp\/v2\/product\/4339","targetHints":{"allow":["GET"]}}],"collection":[{"href":"https:\/\/annesmurra.com\/en\/wp-json\/wp\/v2\/product"}],"about":[{"href":"https:\/\/annesmurra.com\/en\/wp-json\/wp\/v2\/types\/product"}],"wp:featuredmedia":[{"embeddable":true,"href":"https:\/\/annesmurra.com\/en\/wp-json\/wp\/v2\/media\/4342"}],"wp:attachment":[{"href":"https:\/\/annesmurra.com\/en\/wp-json\/wp\/v2\/media?parent=4339"}],"wp:term":[{"taxonomy":"product_brand","embeddable":true,"href":"https:\/\/annesmurra.com\/en\/wp-json\/wp\/v2\/product_brand?post=4339"},{"taxonomy":"product_cat","embeddable":true,"href":"https:\/\/annesmurra.com\/en\/wp-json\/wp\/v2\/product_cat?post=4339"},{"taxonomy":"product_tag","embeddable":true,"href":"https:\/\/annesmurra.com\/en\/wp-json\/wp\/v2\/product_tag?post=4339"}],"curies":[{"name":"wp","href":"https:\/\/api.w.org\/{rel}","templated":true}]}}