{"id":4353,"date":"2024-08-22T14:02:19","date_gmt":"2024-08-22T13:02:19","guid":{"rendered":"https:\/\/annesmurra.com\/?post_type=product&#038;p=4353"},"modified":"2025-05-26T20:22:24","modified_gmt":"2025-05-26T19:22:24","slug":"ausas-interpretacion-2021","status":"publish","type":"product","link":"https:\/\/annesmurra.com\/en\/product\/ausas-interpretacion-2021\/","title":{"rendered":"Aus\u00e0s Interpretaci\u00f3n 2021"},"content":{"rendered":"<div class=\"summary entry-summary\">\n<div class=\"woocommerce-product-details__short-description\">\n<p>Como su propio nombre indica, Aus\u00e0s Interpretaci\u00f3n 2021 resume en un gran tinto de tempranillo la Ribera del Duero a los ojos del prestigioso en\u00f3logo Xavier Aus\u00e0s, director t\u00e9cnico de Vega Sicilia durante casi dos d\u00e9cadas.<br \/>\nBotella del vino tinto Aus\u00e0s Interpretaci\u00f3n 2021 95 puntos Parker. En\u00f3logo Xavier Aus\u00e0s, director t\u00e9cnico de Vega Sicilia durante casi dos d\u00e9cadas.<\/p>\n<p>CARACTER\u00cdSTICAS GENERALES<br \/>\nTipo de Vino: Vino Tinto<br \/>\nBodega: Aus\u00e0s Bodegas y Vi\u00f1edos<br \/>\nRegiones: D.O. Ribera del Duero<br \/>\nVariedad de Uva: 100% Tempranillo<br \/>\nEn\u00f3logo: Xavier Aus\u00e0s<br \/>\nTipo de barrica: Barricas de roble franc\u00e9s (el 35% nuevas)<br \/>\nTipo de botella: Troncoc\u00f3nica<br \/>\nPermanencia en Barrica: 14 meses<br \/>\nCapacidad (cl): 75<br \/>\nServicio: Degustar a un temperatura de 16\u00ba C<br \/>\nEmbotellado: 7\/2022<br \/>\nGraduaci\u00f3n (% vol.): 15<\/p>\n<p>INFORMACI\u00d3N GENERAL<br \/>\nAus\u00e0s Interpretaci\u00f3n 2021 es la versi\u00f3n de la Ribera del Duero del que fuera durante a\u00f1os director t\u00e9cnico y en\u00f3logo de Vega Sicilia y asesor, entre otros, de \u00c0nima Negra y Pago de Carraovejas. Un tinto soberbio, de corte atl\u00e1ntico, en el que exhibe, con maestr\u00eda, el conocimiento y dominio absolutos de una regi\u00f3n y un vi\u00f1edo de fama mundial. A las riendas de su propio proyecto, Aus\u00e0s Bodegas y Vi\u00f1edos, Xavier Aus\u00e0s pone en valor m\u00e1s de 25 a\u00f1os de experiencia.<br \/>\nNacido de algunos de los mejores vi\u00f1edos de la D.O. Ribera del Duero, este monovarietal de tinto fino, envejecido en roble franc\u00e9s, muestra una espectacular pureza arom\u00e1tica, una boca rotunda y firme y una gran finura y elegancia. Disfruta de Aus\u00e0s Interpretaci\u00f3n 2021 acompa\u00f1ando embutidos y jam\u00f3n ib\u00e9ricos, carnes a la brasa o platos tradicionales como rabo de toro.<\/p>\n<p>NOTAS DE CATA<br \/>\nEn nariz sorprende su pureza arom\u00e1tica de frutos negros y azules salvajes.<br \/>\nVino con una boca expresiva y opulenta. Final largo, fresco y elegante con notas bals\u00e1micas y un recuerdo mineral. De estilo m\u00e1s atl\u00e1ntico que continental.<\/p>\n<p>&nbsp;<\/p>\n<p>RED WINE. DRINK IN MODERATION.CONTAINS SULFITES.<\/p>\n<\/div>\n<form class=\"cart\" action=\"https:\/\/annesmurra.com\/en\/product\/la-nuage\/\" enctype=\"multipart\/form-data\" method=\"post\" data-trp-original-action=\"https:\/\/annesmurra.com\/producto\/la-nuage\/\"><input type=\"hidden\" name=\"trp-form-language\" value=\"en\"\/><\/form>\n<\/div>\n<div class=\"woocommerce-tabs wc-tabs-wrapper\"><\/div>","protected":false},"excerpt":{"rendered":"<p>Como su propio nombre indica, Aus\u00e0s Interpretaci\u00f3n 2021 resume en un gran tinto de tempranillo la Ribera del Duero a los ojos del prestigioso en\u00f3logo Xavier Aus\u00e0s, director t\u00e9cnico de Vega Sicilia durante casi dos d\u00e9cadas. Botella del vino tinto Aus\u00e0s Interpretaci\u00f3n 2021 95 puntos Parker. En\u00f3logo Xavier Aus\u00e0s, director t\u00e9cnico de Vega Sicilia durante&#8230;<\/p>","protected":false},"featured_media":4354,"template":"","meta":{"_kad_post_transparent":"default","_kad_post_title":"","_kad_post_layout":"default","_kad_post_sidebar_id":"","_kad_post_content_style":"default","_kad_post_vertical_padding":"default","_kad_post_feature":"","_kad_post_feature_position":"","_kad_post_header":false,"_kad_post_footer":false},"product_brand":[],"product_cat":[42,43],"product_tag":[123,124,114,122,121,113,120],"class_list":{"0":"post-4353","1":"product","2":"type-product","3":"status-publish","4":"has-post-thumbnail","6":"product_cat-anelis","7":"product_cat-vinos","8":"product_tag-barrica","9":"product_tag-frutal","10":"product_tag-red-wine","11":"product_tag-roble-frances","12":"product_tag-tempranillo","13":"product_tag-vino","14":"product_tag-vino-tinto","16":"first","17":"outofstock","18":"shipping-taxable","19":"product-type-simple","20":"entry","21":"content-bg","22":"loop-entry"},"yoast_head":"<!-- This site is optimized with the Yoast SEO plugin v25.7 - https:\/\/yoast.com\/wordpress\/plugins\/seo\/ -->\n<title>Aus\u00e0s Interpretaci\u00f3n 2021 - Anne Smurra<\/title>\n<meta name=\"robots\" content=\"index, follow, max-snippet:-1, max-image-preview:large, max-video-preview:-1\" \/>\n<link rel=\"canonical\" href=\"https:\/\/annesmurra.com\/en\/product\/ausas-interpretacion-2021\/\" \/>\n<meta property=\"og:locale\" content=\"en_US\" \/>\n<meta property=\"og:type\" content=\"article\" \/>\n<meta property=\"og:title\" content=\"Aus\u00e0s Interpretaci\u00f3n 2021 - Anne Smurra\" \/>\n<meta property=\"og:description\" content=\"Como su propio nombre indica, Aus\u00e0s Interpretaci\u00f3n 2021 resume en un gran tinto de tempranillo la Ribera del Duero a los ojos del prestigioso en\u00f3logo Xavier Aus\u00e0s, director t\u00e9cnico de Vega Sicilia durante casi dos d\u00e9cadas. Botella del vino tinto Aus\u00e0s Interpretaci\u00f3n 2021 95 puntos Parker. En\u00f3logo Xavier Aus\u00e0s, director t\u00e9cnico de Vega Sicilia durante...\" \/>\n<meta property=\"og:url\" content=\"https:\/\/annesmurra.com\/en\/product\/ausas-interpretacion-2021\/\" \/>\n<meta property=\"og:site_name\" content=\"Anne Smurra\" \/>\n<meta property=\"article:publisher\" content=\"https:\/\/www.facebook.com\/annesmurraart\/\" \/>\n<meta property=\"article:modified_time\" content=\"2025-05-26T19:22:24+00:00\" \/>\n<meta property=\"og:image\" content=\"https:\/\/annesmurra.com\/wp-content\/uploads\/2024\/08\/VinoAusas_1.jpg\" \/>\n\t<meta property=\"og:image:width\" content=\"1500\" \/>\n\t<meta property=\"og:image:height\" content=\"1500\" \/>\n\t<meta property=\"og:image:type\" content=\"image\/jpeg\" \/>\n<meta name=\"twitter:card\" content=\"summary_large_image\" \/>\n<meta name=\"twitter:label1\" content=\"Est. reading time\" \/>\n\t<meta name=\"twitter:data1\" content=\"2 minutes\" \/>\n<script type=\"application\/ld+json\" class=\"yoast-schema-graph\">{\"@context\":\"https:\/\/schema.org\",\"@graph\":[{\"@type\":\"WebPage\",\"@id\":\"https:\/\/annesmurra.com\/producto\/ausas-interpretacion-2021\/\",\"url\":\"https:\/\/annesmurra.com\/producto\/ausas-interpretacion-2021\/\",\"name\":\"Aus\u00e0s Interpretaci\u00f3n 2021 - Anne Smurra\",\"isPartOf\":{\"@id\":\"https:\/\/annesmurra.com\/#website\"},\"primaryImageOfPage\":{\"@id\":\"https:\/\/annesmurra.com\/producto\/ausas-interpretacion-2021\/#primaryimage\"},\"image\":{\"@id\":\"https:\/\/annesmurra.com\/producto\/ausas-interpretacion-2021\/#primaryimage\"},\"thumbnailUrl\":\"https:\/\/annesmurra.com\/wp-content\/uploads\/2024\/08\/VinoAusas_1.jpg\",\"datePublished\":\"2024-08-22T13:02:19+00:00\",\"dateModified\":\"2025-05-26T19:22:24+00:00\",\"breadcrumb\":{\"@id\":\"https:\/\/annesmurra.com\/producto\/ausas-interpretacion-2021\/#breadcrumb\"},\"inLanguage\":\"en-US\",\"potentialAction\":[{\"@type\":\"ReadAction\",\"target\":[\"https:\/\/annesmurra.com\/producto\/ausas-interpretacion-2021\/\"]}]},{\"@type\":\"ImageObject\",\"inLanguage\":\"en-US\",\"@id\":\"https:\/\/annesmurra.com\/producto\/ausas-interpretacion-2021\/#primaryimage\",\"url\":\"https:\/\/annesmurra.com\/wp-content\/uploads\/2024\/08\/VinoAusas_1.jpg\",\"contentUrl\":\"https:\/\/annesmurra.com\/wp-content\/uploads\/2024\/08\/VinoAusas_1.jpg\",\"width\":1500,\"height\":1500},{\"@type\":\"BreadcrumbList\",\"@id\":\"https:\/\/annesmurra.com\/producto\/ausas-interpretacion-2021\/#breadcrumb\",\"itemListElement\":[{\"@type\":\"ListItem\",\"position\":1,\"name\":\"Home\",\"item\":\"https:\/\/annesmurra.com\/\"},{\"@type\":\"ListItem\",\"position\":2,\"name\":\"Tienda\",\"item\":\"https:\/\/annesmurra.com\/tienda\/\"},{\"@type\":\"ListItem\",\"position\":3,\"name\":\"Aus\u00e0s Interpretaci\u00f3n 2021\"}]},{\"@type\":\"WebSite\",\"@id\":\"https:\/\/annesmurra.com\/#website\",\"url\":\"https:\/\/annesmurra.com\/\",\"name\":\"Anne Smurra\",\"description\":\"\",\"publisher\":{\"@id\":\"https:\/\/annesmurra.com\/#organization\"},\"potentialAction\":[{\"@type\":\"SearchAction\",\"target\":{\"@type\":\"EntryPoint\",\"urlTemplate\":\"https:\/\/annesmurra.com\/?s={search_term_string}\"},\"query-input\":{\"@type\":\"PropertyValueSpecification\",\"valueRequired\":true,\"valueName\":\"search_term_string\"}}],\"inLanguage\":\"en-US\"},{\"@type\":\"Organization\",\"@id\":\"https:\/\/annesmurra.com\/#organization\",\"name\":\"Anne Smurra\",\"url\":\"https:\/\/annesmurra.com\/\",\"logo\":{\"@type\":\"ImageObject\",\"inLanguage\":\"en-US\",\"@id\":\"https:\/\/annesmurra.com\/#\/schema\/logo\/image\/\",\"url\":\"https:\/\/annesmurra.com\/wp-content\/uploads\/2023\/09\/firma_horizontal.svg\",\"contentUrl\":\"https:\/\/annesmurra.com\/wp-content\/uploads\/2023\/09\/firma_horizontal.svg\",\"width\":567,\"height\":267,\"caption\":\"Anne Smurra\"},\"image\":{\"@id\":\"https:\/\/annesmurra.com\/#\/schema\/logo\/image\/\"},\"sameAs\":[\"https:\/\/www.facebook.com\/annesmurraart\/\",\"https:\/\/www.instagram.com\/annesmurraart\/\",\"https:\/\/www.pinterest.es\/annesmurraart\/\"]}]}<\/script>\n<!-- \/ Yoast SEO plugin. -->","yoast_head_json":{"title":"Aus\u00e0s Interpretaci\u00f3n 2021 - Anne Smurra","robots":{"index":"index","follow":"follow","max-snippet":"max-snippet:-1","max-image-preview":"max-image-preview:large","max-video-preview":"max-video-preview:-1"},"canonical":"https:\/\/annesmurra.com\/en\/product\/ausas-interpretacion-2021\/","og_locale":"en_US","og_type":"article","og_title":"Aus\u00e0s Interpretaci\u00f3n 2021 - Anne Smurra","og_description":"Como su propio nombre indica, Aus\u00e0s Interpretaci\u00f3n 2021 resume en un gran tinto de tempranillo la Ribera del Duero a los ojos del prestigioso en\u00f3logo Xavier Aus\u00e0s, director t\u00e9cnico de Vega Sicilia durante casi dos d\u00e9cadas. Botella del vino tinto Aus\u00e0s Interpretaci\u00f3n 2021 95 puntos Parker. En\u00f3logo Xavier Aus\u00e0s, director t\u00e9cnico de Vega Sicilia durante...","og_url":"https:\/\/annesmurra.com\/en\/product\/ausas-interpretacion-2021\/","og_site_name":"Anne Smurra","article_publisher":"https:\/\/www.facebook.com\/annesmurraart\/","article_modified_time":"2025-05-26T19:22:24+00:00","og_image":[{"width":1500,"height":1500,"url":"https:\/\/annesmurra.com\/wp-content\/uploads\/2024\/08\/VinoAusas_1.jpg","type":"image\/jpeg"}],"twitter_card":"summary_large_image","twitter_misc":{"Est. reading time":"2 minutes"},"schema":{"@context":"https:\/\/schema.org","@graph":[{"@type":"WebPage","@id":"https:\/\/annesmurra.com\/producto\/ausas-interpretacion-2021\/","url":"https:\/\/annesmurra.com\/producto\/ausas-interpretacion-2021\/","name":"Aus\u00e0s Interpretaci\u00f3n 2021 - Anne Smurra","isPartOf":{"@id":"https:\/\/annesmurra.com\/#website"},"primaryImageOfPage":{"@id":"https:\/\/annesmurra.com\/producto\/ausas-interpretacion-2021\/#primaryimage"},"image":{"@id":"https:\/\/annesmurra.com\/producto\/ausas-interpretacion-2021\/#primaryimage"},"thumbnailUrl":"https:\/\/annesmurra.com\/wp-content\/uploads\/2024\/08\/VinoAusas_1.jpg","datePublished":"2024-08-22T13:02:19+00:00","dateModified":"2025-05-26T19:22:24+00:00","breadcrumb":{"@id":"https:\/\/annesmurra.com\/producto\/ausas-interpretacion-2021\/#breadcrumb"},"inLanguage":"en-US","potentialAction":[{"@type":"ReadAction","target":["https:\/\/annesmurra.com\/producto\/ausas-interpretacion-2021\/"]}]},{"@type":"ImageObject","inLanguage":"en-US","@id":"https:\/\/annesmurra.com\/producto\/ausas-interpretacion-2021\/#primaryimage","url":"https:\/\/annesmurra.com\/wp-content\/uploads\/2024\/08\/VinoAusas_1.jpg","contentUrl":"https:\/\/annesmurra.com\/wp-content\/uploads\/2024\/08\/VinoAusas_1.jpg","width":1500,"height":1500},{"@type":"BreadcrumbList","@id":"https:\/\/annesmurra.com\/producto\/ausas-interpretacion-2021\/#breadcrumb","itemListElement":[{"@type":"ListItem","position":1,"name":"Home","item":"https:\/\/annesmurra.com\/"},{"@type":"ListItem","position":2,"name":"Tienda","item":"https:\/\/annesmurra.com\/tienda\/"},{"@type":"ListItem","position":3,"name":"Aus\u00e0s Interpretaci\u00f3n 2021"}]},{"@type":"WebSite","@id":"https:\/\/annesmurra.com\/#website","url":"https:\/\/annesmurra.com\/","name":"Anne Smurra","description":"","publisher":{"@id":"https:\/\/annesmurra.com\/#organization"},"potentialAction":[{"@type":"SearchAction","target":{"@type":"EntryPoint","urlTemplate":"https:\/\/annesmurra.com\/?s={search_term_string}"},"query-input":{"@type":"PropertyValueSpecification","valueRequired":true,"valueName":"search_term_string"}}],"inLanguage":"en-US"},{"@type":"Organization","@id":"https:\/\/annesmurra.com\/#organization","name":"Anne Smurra","url":"https:\/\/annesmurra.com\/","logo":{"@type":"ImageObject","inLanguage":"en-US","@id":"https:\/\/annesmurra.com\/#\/schema\/logo\/image\/","url":"https:\/\/annesmurra.com\/wp-content\/uploads\/2023\/09\/firma_horizontal.svg","contentUrl":"https:\/\/annesmurra.com\/wp-content\/uploads\/2023\/09\/firma_horizontal.svg","width":567,"height":267,"caption":"Anne Smurra"},"image":{"@id":"https:\/\/annesmurra.com\/#\/schema\/logo\/image\/"},"sameAs":["https:\/\/www.facebook.com\/annesmurraart\/","https:\/\/www.instagram.com\/annesmurraart\/","https:\/\/www.pinterest.es\/annesmurraart\/"]}]}},"_links":{"self":[{"href":"https:\/\/annesmurra.com\/en\/wp-json\/wp\/v2\/product\/4353","targetHints":{"allow":["GET"]}}],"collection":[{"href":"https:\/\/annesmurra.com\/en\/wp-json\/wp\/v2\/product"}],"about":[{"href":"https:\/\/annesmurra.com\/en\/wp-json\/wp\/v2\/types\/product"}],"wp:featuredmedia":[{"embeddable":true,"href":"https:\/\/annesmurra.com\/en\/wp-json\/wp\/v2\/media\/4354"}],"wp:attachment":[{"href":"https:\/\/annesmurra.com\/en\/wp-json\/wp\/v2\/media?parent=4353"}],"wp:term":[{"taxonomy":"product_brand","embeddable":true,"href":"https:\/\/annesmurra.com\/en\/wp-json\/wp\/v2\/product_brand?post=4353"},{"taxonomy":"product_cat","embeddable":true,"href":"https:\/\/annesmurra.com\/en\/wp-json\/wp\/v2\/product_cat?post=4353"},{"taxonomy":"product_tag","embeddable":true,"href":"https:\/\/annesmurra.com\/en\/wp-json\/wp\/v2\/product_tag?post=4353"}],"curies":[{"name":"wp","href":"https:\/\/api.w.org\/{rel}","templated":true}]}}