{"id":4356,"date":"2024-08-22T14:08:00","date_gmt":"2024-08-22T13:08:00","guid":{"rendered":"https:\/\/annesmurra.com\/?post_type=product&#038;p=4356"},"modified":"2025-05-26T20:22:13","modified_gmt":"2025-05-26T19:22:13","slug":"el-grifo-2022-ariana","status":"publish","type":"product","link":"https:\/\/annesmurra.com\/en\/product\/el-grifo-2022-ariana\/","title":{"rendered":"El Grifo 2022 Ariana"},"content":{"rendered":"<div class=\"summary entry-summary\">\n<div class=\"woocommerce-product-details__short-description\">\n<p>DESCRIPCI\u00d3N<br \/>\nUn vino amplio y singular, representativo de una viticultura artesanal de escasas producciones y arduo trabajo. El Lista\u0301n negro aporta el cara\u0301cter atla\u0301ntico, fresco y vivo, mientras que la Syrah aporta la estructura necesaria para su maduracio\u0301n en barricas. Destaca su armoni\u0301a entre aromas frutales y tostados y ser\u00e1 perfecto para el maridaje de carnes rojas, caza y sancocho canario.<\/p>\n<p>FICHA T\u00c9CNICA<br \/>\nLa bodega: El Grifo<br \/>\nTipo: Tinto<br \/>\nA\u00f1ada: 2022<br \/>\nGrado: 13.5% vol.<br \/>\nVariedad: 70% List\u00e1n negro, 30% Syrah<br \/>\nOrigen: Lanzarote<\/p>\n<p>CATA<br \/>\nVista: Rojo granate intenso y elegante, de capa media.<br \/>\nNariz: Frutos rojos como el casis o frambuesa, toques torrefactos de tofe o caramelo. Penetrante y de cara\u0301cter atla\u0301ntico debido a su frescura.<br \/>\nBoca: Entrada golosa, fresco y equilibrado, con taninos maduros que alargan su recorrido.<br \/>\nTemperatura de servicio: Se recomienda servir a 16 \u00baC<br \/>\nMaridaje: Carnes rojas, caza y sancocho canario.<\/p>\n<p>VI\u00d1EDO Y ELABORACI\u00d3N<br \/>\nDescripci\u00f3n: La List\u00e1n Negro est\u00e1 cultivada a pie franco y en sistema tradicional.<br \/>\nSuelo: Los suelos en los que se asientan los vi\u00f1edos son suelos volc\u00e1nicos, bien diferenciados e incluso rojos profundos sobre formaciones bas\u00e1lticas antiguas.<br \/>\nClima: Mediterr\u00e1neo, semi\u00e1rido subtropical. La precipitaci\u00f3n media anual es inferior a 150 mm.<br \/>\nCosecha: Cada variedad se vendimia en momentos diferentes.<br \/>\nVinificaci\u00f3n: Fermentaci\u00f3n de cada variedad por separado. Durante el mes de septiembre se realiza el coupage de ambos vinos para llevarlo a barricas de roble franc\u00e9s de 500 litros de capacidad.<br \/>\nEnvejecimiento: Entre 3 y 6 meses de crianza en barricas de roble franc\u00e9s, dependiendo de las necesidades de la a\u00f1ada.<\/p>\n<p>&nbsp;<\/p>\n<p>RED WINE. DRINK IN MODERATION.CONTAINS SULFITES.<\/p>\n<\/div>\n<form class=\"cart\" action=\"https:\/\/annesmurra.com\/en\/product\/la-nuage\/\" enctype=\"multipart\/form-data\" method=\"post\" data-trp-original-action=\"https:\/\/annesmurra.com\/producto\/la-nuage\/\"><input type=\"hidden\" name=\"trp-form-language\" value=\"en\"\/><\/form>\n<\/div>\n<div class=\"woocommerce-tabs wc-tabs-wrapper\"><\/div>","protected":false},"excerpt":{"rendered":"<p>DESCRIPCI\u00d3N Un vino amplio y singular, representativo de una viticultura artesanal de escasas producciones y arduo trabajo. El Lista\u0301n negro aporta el cara\u0301cter atla\u0301ntico, fresco y vivo, mientras que la Syrah aporta la estructura necesaria para su maduracio\u0301n en barricas. Destaca su armoni\u0301a entre aromas frutales y tostados y ser\u00e1 perfecto para el maridaje de&#8230;<\/p>","protected":false},"featured_media":4357,"template":"","meta":{"_kad_post_transparent":"default","_kad_post_title":"","_kad_post_layout":"default","_kad_post_sidebar_id":"","_kad_post_content_style":"default","_kad_post_vertical_padding":"default","_kad_post_feature":"","_kad_post_feature_position":"","_kad_post_header":false,"_kad_post_footer":false},"product_brand":[],"product_cat":[42,43],"product_tag":[125,114,126,113,120],"class_list":{"0":"post-4356","1":"product","2":"type-product","3":"status-publish","4":"has-post-thumbnail","6":"product_cat-anelis","7":"product_cat-vinos","8":"product_tag-listan-negro","9":"product_tag-red-wine","10":"product_tag-syrah","11":"product_tag-vino","12":"product_tag-vino-tinto","14":"first","15":"outofstock","16":"shipping-taxable","17":"product-type-simple","18":"entry","19":"content-bg","20":"loop-entry"},"yoast_head":"<!-- This site is optimized with the Yoast SEO plugin v25.7 - https:\/\/yoast.com\/wordpress\/plugins\/seo\/ -->\n<title>El Grifo 2022 Ariana - Anne Smurra<\/title>\n<meta name=\"robots\" content=\"index, follow, max-snippet:-1, max-image-preview:large, max-video-preview:-1\" \/>\n<link rel=\"canonical\" href=\"https:\/\/annesmurra.com\/en\/product\/el-grifo-2022-ariana\/\" \/>\n<meta property=\"og:locale\" content=\"en_US\" \/>\n<meta property=\"og:type\" content=\"article\" \/>\n<meta property=\"og:title\" content=\"El Grifo 2022 Ariana - Anne Smurra\" \/>\n<meta property=\"og:description\" content=\"DESCRIPCI\u00d3N Un vino amplio y singular, representativo de una viticultura artesanal de escasas producciones y arduo trabajo. El Lista\u0301n negro aporta el cara\u0301cter atla\u0301ntico, fresco y vivo, mientras que la Syrah aporta la estructura necesaria para su maduracio\u0301n en barricas. Destaca su armoni\u0301a entre aromas frutales y tostados y ser\u00e1 perfecto para el maridaje de...\" \/>\n<meta property=\"og:url\" content=\"https:\/\/annesmurra.com\/en\/product\/el-grifo-2022-ariana\/\" \/>\n<meta property=\"og:site_name\" content=\"Anne Smurra\" \/>\n<meta property=\"article:publisher\" content=\"https:\/\/www.facebook.com\/annesmurraart\/\" \/>\n<meta property=\"article:modified_time\" content=\"2025-05-26T19:22:13+00:00\" \/>\n<meta property=\"og:image\" content=\"https:\/\/annesmurra.com\/wp-content\/uploads\/2024\/08\/VinoElGrifo_1.jpg\" \/>\n\t<meta property=\"og:image:width\" content=\"1422\" \/>\n\t<meta property=\"og:image:height\" content=\"1422\" \/>\n\t<meta property=\"og:image:type\" content=\"image\/jpeg\" \/>\n<meta name=\"twitter:card\" content=\"summary_large_image\" \/>\n<meta name=\"twitter:label1\" content=\"Est. reading time\" \/>\n\t<meta name=\"twitter:data1\" content=\"2 minutes\" \/>\n<script type=\"application\/ld+json\" class=\"yoast-schema-graph\">{\"@context\":\"https:\/\/schema.org\",\"@graph\":[{\"@type\":\"WebPage\",\"@id\":\"https:\/\/annesmurra.com\/producto\/el-grifo-2022-ariana\/\",\"url\":\"https:\/\/annesmurra.com\/producto\/el-grifo-2022-ariana\/\",\"name\":\"El Grifo 2022 Ariana - Anne Smurra\",\"isPartOf\":{\"@id\":\"https:\/\/annesmurra.com\/#website\"},\"primaryImageOfPage\":{\"@id\":\"https:\/\/annesmurra.com\/producto\/el-grifo-2022-ariana\/#primaryimage\"},\"image\":{\"@id\":\"https:\/\/annesmurra.com\/producto\/el-grifo-2022-ariana\/#primaryimage\"},\"thumbnailUrl\":\"https:\/\/annesmurra.com\/wp-content\/uploads\/2024\/08\/VinoElGrifo_1.jpg\",\"datePublished\":\"2024-08-22T13:08:00+00:00\",\"dateModified\":\"2025-05-26T19:22:13+00:00\",\"breadcrumb\":{\"@id\":\"https:\/\/annesmurra.com\/producto\/el-grifo-2022-ariana\/#breadcrumb\"},\"inLanguage\":\"en-US\",\"potentialAction\":[{\"@type\":\"ReadAction\",\"target\":[\"https:\/\/annesmurra.com\/producto\/el-grifo-2022-ariana\/\"]}]},{\"@type\":\"ImageObject\",\"inLanguage\":\"en-US\",\"@id\":\"https:\/\/annesmurra.com\/producto\/el-grifo-2022-ariana\/#primaryimage\",\"url\":\"https:\/\/annesmurra.com\/wp-content\/uploads\/2024\/08\/VinoElGrifo_1.jpg\",\"contentUrl\":\"https:\/\/annesmurra.com\/wp-content\/uploads\/2024\/08\/VinoElGrifo_1.jpg\",\"width\":1422,\"height\":1422},{\"@type\":\"BreadcrumbList\",\"@id\":\"https:\/\/annesmurra.com\/producto\/el-grifo-2022-ariana\/#breadcrumb\",\"itemListElement\":[{\"@type\":\"ListItem\",\"position\":1,\"name\":\"Home\",\"item\":\"https:\/\/annesmurra.com\/\"},{\"@type\":\"ListItem\",\"position\":2,\"name\":\"Tienda\",\"item\":\"https:\/\/annesmurra.com\/tienda\/\"},{\"@type\":\"ListItem\",\"position\":3,\"name\":\"El Grifo 2022 Ariana\"}]},{\"@type\":\"WebSite\",\"@id\":\"https:\/\/annesmurra.com\/#website\",\"url\":\"https:\/\/annesmurra.com\/\",\"name\":\"Anne Smurra\",\"description\":\"\",\"publisher\":{\"@id\":\"https:\/\/annesmurra.com\/#organization\"},\"potentialAction\":[{\"@type\":\"SearchAction\",\"target\":{\"@type\":\"EntryPoint\",\"urlTemplate\":\"https:\/\/annesmurra.com\/?s={search_term_string}\"},\"query-input\":{\"@type\":\"PropertyValueSpecification\",\"valueRequired\":true,\"valueName\":\"search_term_string\"}}],\"inLanguage\":\"en-US\"},{\"@type\":\"Organization\",\"@id\":\"https:\/\/annesmurra.com\/#organization\",\"name\":\"Anne Smurra\",\"url\":\"https:\/\/annesmurra.com\/\",\"logo\":{\"@type\":\"ImageObject\",\"inLanguage\":\"en-US\",\"@id\":\"https:\/\/annesmurra.com\/#\/schema\/logo\/image\/\",\"url\":\"https:\/\/annesmurra.com\/wp-content\/uploads\/2023\/09\/firma_horizontal.svg\",\"contentUrl\":\"https:\/\/annesmurra.com\/wp-content\/uploads\/2023\/09\/firma_horizontal.svg\",\"width\":567,\"height\":267,\"caption\":\"Anne Smurra\"},\"image\":{\"@id\":\"https:\/\/annesmurra.com\/#\/schema\/logo\/image\/\"},\"sameAs\":[\"https:\/\/www.facebook.com\/annesmurraart\/\",\"https:\/\/www.instagram.com\/annesmurraart\/\",\"https:\/\/www.pinterest.es\/annesmurraart\/\"]}]}<\/script>\n<!-- \/ Yoast SEO plugin. -->","yoast_head_json":{"title":"El Grifo 2022 Ariana - Anne Smurra","robots":{"index":"index","follow":"follow","max-snippet":"max-snippet:-1","max-image-preview":"max-image-preview:large","max-video-preview":"max-video-preview:-1"},"canonical":"https:\/\/annesmurra.com\/en\/product\/el-grifo-2022-ariana\/","og_locale":"en_US","og_type":"article","og_title":"El Grifo 2022 Ariana - Anne Smurra","og_description":"DESCRIPCI\u00d3N Un vino amplio y singular, representativo de una viticultura artesanal de escasas producciones y arduo trabajo. El Lista\u0301n negro aporta el cara\u0301cter atla\u0301ntico, fresco y vivo, mientras que la Syrah aporta la estructura necesaria para su maduracio\u0301n en barricas. Destaca su armoni\u0301a entre aromas frutales y tostados y ser\u00e1 perfecto para el maridaje de...","og_url":"https:\/\/annesmurra.com\/en\/product\/el-grifo-2022-ariana\/","og_site_name":"Anne Smurra","article_publisher":"https:\/\/www.facebook.com\/annesmurraart\/","article_modified_time":"2025-05-26T19:22:13+00:00","og_image":[{"width":1422,"height":1422,"url":"https:\/\/annesmurra.com\/wp-content\/uploads\/2024\/08\/VinoElGrifo_1.jpg","type":"image\/jpeg"}],"twitter_card":"summary_large_image","twitter_misc":{"Est. reading time":"2 minutes"},"schema":{"@context":"https:\/\/schema.org","@graph":[{"@type":"WebPage","@id":"https:\/\/annesmurra.com\/producto\/el-grifo-2022-ariana\/","url":"https:\/\/annesmurra.com\/producto\/el-grifo-2022-ariana\/","name":"El Grifo 2022 Ariana - Anne Smurra","isPartOf":{"@id":"https:\/\/annesmurra.com\/#website"},"primaryImageOfPage":{"@id":"https:\/\/annesmurra.com\/producto\/el-grifo-2022-ariana\/#primaryimage"},"image":{"@id":"https:\/\/annesmurra.com\/producto\/el-grifo-2022-ariana\/#primaryimage"},"thumbnailUrl":"https:\/\/annesmurra.com\/wp-content\/uploads\/2024\/08\/VinoElGrifo_1.jpg","datePublished":"2024-08-22T13:08:00+00:00","dateModified":"2025-05-26T19:22:13+00:00","breadcrumb":{"@id":"https:\/\/annesmurra.com\/producto\/el-grifo-2022-ariana\/#breadcrumb"},"inLanguage":"en-US","potentialAction":[{"@type":"ReadAction","target":["https:\/\/annesmurra.com\/producto\/el-grifo-2022-ariana\/"]}]},{"@type":"ImageObject","inLanguage":"en-US","@id":"https:\/\/annesmurra.com\/producto\/el-grifo-2022-ariana\/#primaryimage","url":"https:\/\/annesmurra.com\/wp-content\/uploads\/2024\/08\/VinoElGrifo_1.jpg","contentUrl":"https:\/\/annesmurra.com\/wp-content\/uploads\/2024\/08\/VinoElGrifo_1.jpg","width":1422,"height":1422},{"@type":"BreadcrumbList","@id":"https:\/\/annesmurra.com\/producto\/el-grifo-2022-ariana\/#breadcrumb","itemListElement":[{"@type":"ListItem","position":1,"name":"Home","item":"https:\/\/annesmurra.com\/"},{"@type":"ListItem","position":2,"name":"Tienda","item":"https:\/\/annesmurra.com\/tienda\/"},{"@type":"ListItem","position":3,"name":"El Grifo 2022 Ariana"}]},{"@type":"WebSite","@id":"https:\/\/annesmurra.com\/#website","url":"https:\/\/annesmurra.com\/","name":"Anne Smurra","description":"","publisher":{"@id":"https:\/\/annesmurra.com\/#organization"},"potentialAction":[{"@type":"SearchAction","target":{"@type":"EntryPoint","urlTemplate":"https:\/\/annesmurra.com\/?s={search_term_string}"},"query-input":{"@type":"PropertyValueSpecification","valueRequired":true,"valueName":"search_term_string"}}],"inLanguage":"en-US"},{"@type":"Organization","@id":"https:\/\/annesmurra.com\/#organization","name":"Anne Smurra","url":"https:\/\/annesmurra.com\/","logo":{"@type":"ImageObject","inLanguage":"en-US","@id":"https:\/\/annesmurra.com\/#\/schema\/logo\/image\/","url":"https:\/\/annesmurra.com\/wp-content\/uploads\/2023\/09\/firma_horizontal.svg","contentUrl":"https:\/\/annesmurra.com\/wp-content\/uploads\/2023\/09\/firma_horizontal.svg","width":567,"height":267,"caption":"Anne Smurra"},"image":{"@id":"https:\/\/annesmurra.com\/#\/schema\/logo\/image\/"},"sameAs":["https:\/\/www.facebook.com\/annesmurraart\/","https:\/\/www.instagram.com\/annesmurraart\/","https:\/\/www.pinterest.es\/annesmurraart\/"]}]}},"_links":{"self":[{"href":"https:\/\/annesmurra.com\/en\/wp-json\/wp\/v2\/product\/4356","targetHints":{"allow":["GET"]}}],"collection":[{"href":"https:\/\/annesmurra.com\/en\/wp-json\/wp\/v2\/product"}],"about":[{"href":"https:\/\/annesmurra.com\/en\/wp-json\/wp\/v2\/types\/product"}],"wp:featuredmedia":[{"embeddable":true,"href":"https:\/\/annesmurra.com\/en\/wp-json\/wp\/v2\/media\/4357"}],"wp:attachment":[{"href":"https:\/\/annesmurra.com\/en\/wp-json\/wp\/v2\/media?parent=4356"}],"wp:term":[{"taxonomy":"product_brand","embeddable":true,"href":"https:\/\/annesmurra.com\/en\/wp-json\/wp\/v2\/product_brand?post=4356"},{"taxonomy":"product_cat","embeddable":true,"href":"https:\/\/annesmurra.com\/en\/wp-json\/wp\/v2\/product_cat?post=4356"},{"taxonomy":"product_tag","embeddable":true,"href":"https:\/\/annesmurra.com\/en\/wp-json\/wp\/v2\/product_tag?post=4356"}],"curies":[{"name":"wp","href":"https:\/\/api.w.org\/{rel}","templated":true}]}}