{"id":4587,"date":"2025-03-11T16:36:48","date_gmt":"2025-03-11T15:36:48","guid":{"rendered":"https:\/\/annesmurra.com\/?post_type=product&#038;p=4587"},"modified":"2025-05-26T20:21:35","modified_gmt":"2025-05-26T19:21:35","slug":"conexion-tempranillo-crianza-rioja-2022-anelis-red-wine","status":"publish","type":"product","link":"https:\/\/annesmurra.com\/en\/product\/conexion-tempranillo-crianza-rioja-2022-anelis-red-wine\/","title":{"rendered":"Conexi\u00f3n Tempranillo Crianza Rioja 2022 Anelis red wine"},"content":{"rendered":"<div class=\"summary entry-summary\">\n<div class=\"woocommerce-product-details__short-description\">\n<p><span style=\"font-family: var(--global-body-font-family);\">TEMPRANILLO. CRIANZA 2022\u00a0 <\/span><span style=\"font-family: var(--global-body-font-family);\">RIOJA\u00a0<\/span><\/p>\n<article class=\"4ever-article\" data-clipboard-cangjie=\"[&quot;root&quot;,{&quot;copyFrom&quot;:33891801},[&quot;p&quot;,{},[&quot;span&quot;,{&quot;data-type&quot;:&quot;text&quot;},[&quot;span&quot;,{&quot;data-type&quot;:&quot;leaf&quot;},&quot;Excelente Pollino Reserva vino italiano: L\u00b4Imperatrice de Anelis, una obra de arte dentro y fuera. Vino de italia, Calabria con su uva Magliocco de Cosenza D.O.P , un Pollino Reserva 2018 con 23 meses de barrica de roble franc\u00e9s, y ganador de medalla de plata en el concurso mundial de Bruxeles 2024 . Edicion limitada de 500 botellas&quot;]]],[&quot;p&quot;,{},[&quot;span&quot;,{&quot;data-type&quot;:&quot;text&quot;},[&quot;span&quot;,{&quot;data-type&quot;:&quot;leaf&quot;},&quot;Prohibida su venta a menores de 18. &quot;]]],[&quot;p&quot;,{},[&quot;span&quot;,{&quot;data-type&quot;:&quot;text&quot;},[&quot;span&quot;,{&quot;data-type&quot;:&quot;leaf&quot;},&quot;Alcohol 13.5 grados &quot;]]],[&quot;p&quot;,{},[&quot;span&quot;,{&quot;data-type&quot;:&quot;text&quot;},[&quot;span&quot;,{&quot;data-type&quot;:&quot;leaf&quot;},&quot;Contiene sulfitos. &quot;]]]]\">Una propuesta de edici\u00f3n limitada que combina la elegancia y tradici\u00f3n de la regi\u00f3n.De 12 a 14 meses de crianza en barrica, este tempranillo despliega una explosi\u00f3n de fruta sedosa pero vibrante,Conectate con cada sorbo para descubrir las notas de vainilla.Sus aromas intensos y maduros, con car\u00e1cter vivo y un final persistente que promete una larga y placentera evoluci\u00f3n.<\/p>\n<p>EDICI\u00d3N LIMITADA GANADOR DE MEDALLA DE PLATA AWARDS<\/p>\n<p>by Anne Smurra y Fer Gonzalez<\/p>\n<p>75 cl 13,5%<\/p>\n<p>PRODUCTO DE ESPA\u00d1A<\/p>\n<p>CONTIENE SULFITOS<\/p>\n<p>PROHIBIDA SU VENTA A MENORES DE 18 A\u00d1OS<\/p>\n<p data-spm-anchor-id=\"euspain.pdp.description.i0.5cc6366f6ftGzY\">BEBER CON MODERACI\u00d3N<\/p>\n<\/article>\n<p>ELABORADO ESPECIALMENTE PARA ANNE SMURRA.<\/p>\n<p>by @anelisvinos<\/p>\n<p>&nbsp;<\/p>\n<p>RED WINE. DRINK IN MODERATION.CONTAINS SULFITES.<\/p>\n<\/div>\n<form class=\"cart\" action=\"https:\/\/annesmurra.com\/en\/product\/la-nuage\/\" enctype=\"multipart\/form-data\" method=\"post\" data-trp-original-action=\"https:\/\/annesmurra.com\/producto\/la-nuage\/\"><input type=\"hidden\" name=\"trp-form-language\" value=\"en\"\/><\/form>\n<\/div>\n<div class=\"woocommerce-tabs wc-tabs-wrapper\"><\/div>","protected":false},"excerpt":{"rendered":"<article class=\"4ever-article\" data-clipboard-cangjie=\"[&quot;root&quot;,{&quot;copyFrom&quot;:33891801},[&quot;p&quot;,{},[&quot;span&quot;,{&quot;data-type&quot;:&quot;text&quot;},[&quot;span&quot;,{&quot;data-type&quot;:&quot;leaf&quot;},&quot;Excelente Pollino Reserva vino italiano: L\u00b4Imperatrice de Anelis, una obra de arte dentro y fuera. Vino de italia, Calabria con su uva Magliocco de Cosenza D.O.P , un Pollino Reserva 2018 con 23 meses de barrica de roble franc\u00e9s, y ganador de medalla de plata en el concurso mundial de Bruxeles 2024 . Edicion limitada de 500 botellas&quot;]]],[&quot;p&quot;,{},[&quot;span&quot;,{&quot;data-type&quot;:&quot;text&quot;},[&quot;span&quot;,{&quot;data-type&quot;:&quot;leaf&quot;},&quot;Prohibida su venta a menores de 18. &quot;]]],[&quot;p&quot;,{},[&quot;span&quot;,{&quot;data-type&quot;:&quot;text&quot;},[&quot;span&quot;,{&quot;data-type&quot;:&quot;leaf&quot;},&quot;Alcohol 13.5 grados &quot;]]],[&quot;p&quot;,{},[&quot;span&quot;,{&quot;data-type&quot;:&quot;text&quot;},[&quot;span&quot;,{&quot;data-type&quot;:&quot;leaf&quot;},&quot;Contiene sulfitos. &quot;]]]]\"><span style=\"font-family: var(--global-body-font-family);\">TEMPRANILLO. CRIANZA 2022\u00a0 <\/span><span style=\"font-family: var(--global-body-font-family);\">RIOJA\u00a0<\/span><\/p>\n<article class=\"4ever-article\" data-clipboard-cangjie=\"[&quot;root&quot;,{&quot;copyFrom&quot;:33891801},[&quot;p&quot;,{},[&quot;span&quot;,{&quot;data-type&quot;:&quot;text&quot;},[&quot;span&quot;,{&quot;data-type&quot;:&quot;leaf&quot;},&quot;Excelente Pollino Reserva vino italiano: L\u00b4Imperatrice de Anelis, una obra de arte dentro y fuera. Vino de italia, Calabria con su uva Magliocco de Cosenza D.O.P , un Pollino Reserva 2018 con 23 meses de barrica de roble franc\u00e9s, y ganador de medalla de plata en el concurso mundial de Bruxeles 2024 . Edicion limitada de 500 botellas&quot;]]],[&quot;p&quot;,{},[&quot;span&quot;,{&quot;data-type&quot;:&quot;text&quot;},[&quot;span&quot;,{&quot;data-type&quot;:&quot;leaf&quot;},&quot;Prohibida su venta a menores de 18. &quot;]]],[&quot;p&quot;,{},[&quot;span&quot;,{&quot;data-type&quot;:&quot;text&quot;},[&quot;span&quot;,{&quot;data-type&quot;:&quot;leaf&quot;},&quot;Alcohol 13.5 grados &quot;]]],[&quot;p&quot;,{},[&quot;span&quot;,{&quot;data-type&quot;:&quot;text&quot;},[&quot;span&quot;,{&quot;data-type&quot;:&quot;leaf&quot;},&quot;Contiene sulfitos. &quot;]]]]\">Una propuesta de edici\u00f3n limitada que combina la elegancia y tradici\u00f3n de la regi\u00f3n.De 12 a 14 meses de crianza en barrica\u00a0<\/article>\n<\/article>","protected":false},"featured_media":4588,"template":"","meta":{"_kad_post_transparent":"default","_kad_post_title":"","_kad_post_layout":"default","_kad_post_sidebar_id":"","_kad_post_content_style":"default","_kad_post_vertical_padding":"default","_kad_post_feature":"","_kad_post_feature_position":"","_kad_post_header":false,"_kad_post_footer":false},"product_brand":[],"product_cat":[42,138,43],"product_tag":[140,121,139],"class_list":{"0":"post-4587","1":"product","2":"type-product","3":"status-publish","4":"has-post-thumbnail","6":"product_cat-anelis","7":"product_cat-rioja","8":"product_cat-vinos","9":"product_tag-rioja","10":"product_tag-tempranillo","11":"product_tag-vinos","13":"first","14":"outofstock","15":"shipping-taxable","16":"product-type-simple","17":"entry","18":"content-bg","19":"loop-entry"},"yoast_head":"<!-- This site is optimized with the Yoast SEO plugin v25.7 - https:\/\/yoast.com\/wordpress\/plugins\/seo\/ -->\n<title>Conexi\u00f3n Tempranillo Crianza Rioja 2022 Anelis red wine - Anne Smurra<\/title>\n<meta name=\"description\" content=\"TEMPRANILLO. CRIANZA 2022\u00a0 RIOJA\u00a0Una propuesta de edici\u00f3n limitada que combina la elegancia y tradici\u00f3n de la regi\u00f3n.De 12 a 14 meses de crianza en barrica\" \/>\n<meta name=\"robots\" content=\"index, follow, max-snippet:-1, max-image-preview:large, max-video-preview:-1\" \/>\n<link rel=\"canonical\" href=\"https:\/\/annesmurra.com\/en\/product\/conexion-tempranillo-crianza-rioja-2022-anelis-red-wine\/\" \/>\n<meta property=\"og:locale\" content=\"en_US\" \/>\n<meta property=\"og:type\" content=\"article\" \/>\n<meta property=\"og:title\" content=\"Conexi\u00f3n Tempranillo Crianza Rioja 2022 Anelis red wine - Anne Smurra\" \/>\n<meta property=\"og:description\" content=\"TEMPRANILLO. CRIANZA 2022\u00a0 RIOJA\u00a0Una propuesta de edici\u00f3n limitada que combina la elegancia y tradici\u00f3n de la regi\u00f3n.De 12 a 14 meses de crianza en barrica\" \/>\n<meta property=\"og:url\" content=\"https:\/\/annesmurra.com\/en\/product\/conexion-tempranillo-crianza-rioja-2022-anelis-red-wine\/\" \/>\n<meta property=\"og:site_name\" content=\"Anne Smurra\" \/>\n<meta property=\"article:publisher\" content=\"https:\/\/www.facebook.com\/annesmurraart\/\" \/>\n<meta property=\"article:modified_time\" content=\"2025-05-26T19:21:35+00:00\" \/>\n<meta property=\"og:image\" content=\"https:\/\/annesmurra.com\/wp-content\/uploads\/2025\/03\/WhatsApp-Image-2025-03-10-at-00.53.52-1.jpeg\" \/>\n\t<meta property=\"og:image:width\" content=\"1536\" \/>\n\t<meta property=\"og:image:height\" content=\"2048\" \/>\n\t<meta property=\"og:image:type\" content=\"image\/jpeg\" \/>\n<meta name=\"twitter:card\" content=\"summary_large_image\" \/>\n<meta name=\"twitter:label1\" content=\"Est. reading time\" \/>\n\t<meta name=\"twitter:data1\" content=\"1 minute\" \/>\n<script type=\"application\/ld+json\" class=\"yoast-schema-graph\">{\"@context\":\"https:\/\/schema.org\",\"@graph\":[{\"@type\":\"WebPage\",\"@id\":\"https:\/\/annesmurra.com\/producto\/conexion-tempranillo-crianza-rioja-2022-anelis-red-wine\/\",\"url\":\"https:\/\/annesmurra.com\/producto\/conexion-tempranillo-crianza-rioja-2022-anelis-red-wine\/\",\"name\":\"Conexi\u00f3n Tempranillo Crianza Rioja 2022 Anelis red wine - Anne Smurra\",\"isPartOf\":{\"@id\":\"https:\/\/annesmurra.com\/#website\"},\"primaryImageOfPage\":{\"@id\":\"https:\/\/annesmurra.com\/producto\/conexion-tempranillo-crianza-rioja-2022-anelis-red-wine\/#primaryimage\"},\"image\":{\"@id\":\"https:\/\/annesmurra.com\/producto\/conexion-tempranillo-crianza-rioja-2022-anelis-red-wine\/#primaryimage\"},\"thumbnailUrl\":\"https:\/\/annesmurra.com\/wp-content\/uploads\/2025\/03\/WhatsApp-Image-2025-03-10-at-00.53.52-1.jpeg\",\"datePublished\":\"2025-03-11T15:36:48+00:00\",\"dateModified\":\"2025-05-26T19:21:35+00:00\",\"description\":\"TEMPRANILLO. CRIANZA 2022\u00a0 RIOJA\u00a0Una propuesta de edici\u00f3n limitada que combina la elegancia y tradici\u00f3n de la regi\u00f3n.De 12 a 14 meses de crianza en barrica\",\"breadcrumb\":{\"@id\":\"https:\/\/annesmurra.com\/producto\/conexion-tempranillo-crianza-rioja-2022-anelis-red-wine\/#breadcrumb\"},\"inLanguage\":\"en-US\",\"potentialAction\":[{\"@type\":\"ReadAction\",\"target\":[\"https:\/\/annesmurra.com\/producto\/conexion-tempranillo-crianza-rioja-2022-anelis-red-wine\/\"]}]},{\"@type\":\"ImageObject\",\"inLanguage\":\"en-US\",\"@id\":\"https:\/\/annesmurra.com\/producto\/conexion-tempranillo-crianza-rioja-2022-anelis-red-wine\/#primaryimage\",\"url\":\"https:\/\/annesmurra.com\/wp-content\/uploads\/2025\/03\/WhatsApp-Image-2025-03-10-at-00.53.52-1.jpeg\",\"contentUrl\":\"https:\/\/annesmurra.com\/wp-content\/uploads\/2025\/03\/WhatsApp-Image-2025-03-10-at-00.53.52-1.jpeg\",\"width\":1536,\"height\":2048,\"caption\":\"rioja tempranillo\"},{\"@type\":\"BreadcrumbList\",\"@id\":\"https:\/\/annesmurra.com\/producto\/conexion-tempranillo-crianza-rioja-2022-anelis-red-wine\/#breadcrumb\",\"itemListElement\":[{\"@type\":\"ListItem\",\"position\":1,\"name\":\"Home\",\"item\":\"https:\/\/annesmurra.com\/\"},{\"@type\":\"ListItem\",\"position\":2,\"name\":\"Tienda\",\"item\":\"https:\/\/annesmurra.com\/tienda\/\"},{\"@type\":\"ListItem\",\"position\":3,\"name\":\"Conexi\u00f3n Tempranillo Crianza Rioja 2022 Anelis red wine\"}]},{\"@type\":\"WebSite\",\"@id\":\"https:\/\/annesmurra.com\/#website\",\"url\":\"https:\/\/annesmurra.com\/\",\"name\":\"Anne Smurra\",\"description\":\"\",\"publisher\":{\"@id\":\"https:\/\/annesmurra.com\/#organization\"},\"potentialAction\":[{\"@type\":\"SearchAction\",\"target\":{\"@type\":\"EntryPoint\",\"urlTemplate\":\"https:\/\/annesmurra.com\/?s={search_term_string}\"},\"query-input\":{\"@type\":\"PropertyValueSpecification\",\"valueRequired\":true,\"valueName\":\"search_term_string\"}}],\"inLanguage\":\"en-US\"},{\"@type\":\"Organization\",\"@id\":\"https:\/\/annesmurra.com\/#organization\",\"name\":\"Anne Smurra\",\"url\":\"https:\/\/annesmurra.com\/\",\"logo\":{\"@type\":\"ImageObject\",\"inLanguage\":\"en-US\",\"@id\":\"https:\/\/annesmurra.com\/#\/schema\/logo\/image\/\",\"url\":\"https:\/\/annesmurra.com\/wp-content\/uploads\/2023\/09\/firma_horizontal.svg\",\"contentUrl\":\"https:\/\/annesmurra.com\/wp-content\/uploads\/2023\/09\/firma_horizontal.svg\",\"width\":567,\"height\":267,\"caption\":\"Anne Smurra\"},\"image\":{\"@id\":\"https:\/\/annesmurra.com\/#\/schema\/logo\/image\/\"},\"sameAs\":[\"https:\/\/www.facebook.com\/annesmurraart\/\",\"https:\/\/www.instagram.com\/annesmurraart\/\",\"https:\/\/www.pinterest.es\/annesmurraart\/\"]}]}<\/script>\n<!-- \/ Yoast SEO plugin. -->","yoast_head_json":{"title":"Conexi\u00f3n Tempranillo Crianza Rioja 2022 Anelis red wine - Anne Smurra","description":"TEMPRANILLO. CRIANZA 2022\u00a0 RIOJA\u00a0Una propuesta de edici\u00f3n limitada que combina la elegancia y tradici\u00f3n de la regi\u00f3n.De 12 a 14 meses de crianza en barrica","robots":{"index":"index","follow":"follow","max-snippet":"max-snippet:-1","max-image-preview":"max-image-preview:large","max-video-preview":"max-video-preview:-1"},"canonical":"https:\/\/annesmurra.com\/en\/product\/conexion-tempranillo-crianza-rioja-2022-anelis-red-wine\/","og_locale":"en_US","og_type":"article","og_title":"Conexi\u00f3n Tempranillo Crianza Rioja 2022 Anelis red wine - Anne Smurra","og_description":"TEMPRANILLO. CRIANZA 2022\u00a0 RIOJA\u00a0Una propuesta de edici\u00f3n limitada que combina la elegancia y tradici\u00f3n de la regi\u00f3n.De 12 a 14 meses de crianza en barrica","og_url":"https:\/\/annesmurra.com\/en\/product\/conexion-tempranillo-crianza-rioja-2022-anelis-red-wine\/","og_site_name":"Anne Smurra","article_publisher":"https:\/\/www.facebook.com\/annesmurraart\/","article_modified_time":"2025-05-26T19:21:35+00:00","og_image":[{"width":1536,"height":2048,"url":"https:\/\/annesmurra.com\/wp-content\/uploads\/2025\/03\/WhatsApp-Image-2025-03-10-at-00.53.52-1.jpeg","type":"image\/jpeg"}],"twitter_card":"summary_large_image","twitter_misc":{"Est. reading time":"1 minute"},"schema":{"@context":"https:\/\/schema.org","@graph":[{"@type":"WebPage","@id":"https:\/\/annesmurra.com\/producto\/conexion-tempranillo-crianza-rioja-2022-anelis-red-wine\/","url":"https:\/\/annesmurra.com\/producto\/conexion-tempranillo-crianza-rioja-2022-anelis-red-wine\/","name":"Conexi\u00f3n Tempranillo Crianza Rioja 2022 Anelis red wine - Anne Smurra","isPartOf":{"@id":"https:\/\/annesmurra.com\/#website"},"primaryImageOfPage":{"@id":"https:\/\/annesmurra.com\/producto\/conexion-tempranillo-crianza-rioja-2022-anelis-red-wine\/#primaryimage"},"image":{"@id":"https:\/\/annesmurra.com\/producto\/conexion-tempranillo-crianza-rioja-2022-anelis-red-wine\/#primaryimage"},"thumbnailUrl":"https:\/\/annesmurra.com\/wp-content\/uploads\/2025\/03\/WhatsApp-Image-2025-03-10-at-00.53.52-1.jpeg","datePublished":"2025-03-11T15:36:48+00:00","dateModified":"2025-05-26T19:21:35+00:00","description":"TEMPRANILLO. CRIANZA 2022\u00a0 RIOJA\u00a0Una propuesta de edici\u00f3n limitada que combina la elegancia y tradici\u00f3n de la regi\u00f3n.De 12 a 14 meses de crianza en barrica","breadcrumb":{"@id":"https:\/\/annesmurra.com\/producto\/conexion-tempranillo-crianza-rioja-2022-anelis-red-wine\/#breadcrumb"},"inLanguage":"en-US","potentialAction":[{"@type":"ReadAction","target":["https:\/\/annesmurra.com\/producto\/conexion-tempranillo-crianza-rioja-2022-anelis-red-wine\/"]}]},{"@type":"ImageObject","inLanguage":"en-US","@id":"https:\/\/annesmurra.com\/producto\/conexion-tempranillo-crianza-rioja-2022-anelis-red-wine\/#primaryimage","url":"https:\/\/annesmurra.com\/wp-content\/uploads\/2025\/03\/WhatsApp-Image-2025-03-10-at-00.53.52-1.jpeg","contentUrl":"https:\/\/annesmurra.com\/wp-content\/uploads\/2025\/03\/WhatsApp-Image-2025-03-10-at-00.53.52-1.jpeg","width":1536,"height":2048,"caption":"rioja tempranillo"},{"@type":"BreadcrumbList","@id":"https:\/\/annesmurra.com\/producto\/conexion-tempranillo-crianza-rioja-2022-anelis-red-wine\/#breadcrumb","itemListElement":[{"@type":"ListItem","position":1,"name":"Home","item":"https:\/\/annesmurra.com\/"},{"@type":"ListItem","position":2,"name":"Tienda","item":"https:\/\/annesmurra.com\/tienda\/"},{"@type":"ListItem","position":3,"name":"Conexi\u00f3n Tempranillo Crianza Rioja 2022 Anelis red wine"}]},{"@type":"WebSite","@id":"https:\/\/annesmurra.com\/#website","url":"https:\/\/annesmurra.com\/","name":"Anne Smurra","description":"","publisher":{"@id":"https:\/\/annesmurra.com\/#organization"},"potentialAction":[{"@type":"SearchAction","target":{"@type":"EntryPoint","urlTemplate":"https:\/\/annesmurra.com\/?s={search_term_string}"},"query-input":{"@type":"PropertyValueSpecification","valueRequired":true,"valueName":"search_term_string"}}],"inLanguage":"en-US"},{"@type":"Organization","@id":"https:\/\/annesmurra.com\/#organization","name":"Anne Smurra","url":"https:\/\/annesmurra.com\/","logo":{"@type":"ImageObject","inLanguage":"en-US","@id":"https:\/\/annesmurra.com\/#\/schema\/logo\/image\/","url":"https:\/\/annesmurra.com\/wp-content\/uploads\/2023\/09\/firma_horizontal.svg","contentUrl":"https:\/\/annesmurra.com\/wp-content\/uploads\/2023\/09\/firma_horizontal.svg","width":567,"height":267,"caption":"Anne Smurra"},"image":{"@id":"https:\/\/annesmurra.com\/#\/schema\/logo\/image\/"},"sameAs":["https:\/\/www.facebook.com\/annesmurraart\/","https:\/\/www.instagram.com\/annesmurraart\/","https:\/\/www.pinterest.es\/annesmurraart\/"]}]}},"_links":{"self":[{"href":"https:\/\/annesmurra.com\/en\/wp-json\/wp\/v2\/product\/4587","targetHints":{"allow":["GET"]}}],"collection":[{"href":"https:\/\/annesmurra.com\/en\/wp-json\/wp\/v2\/product"}],"about":[{"href":"https:\/\/annesmurra.com\/en\/wp-json\/wp\/v2\/types\/product"}],"wp:featuredmedia":[{"embeddable":true,"href":"https:\/\/annesmurra.com\/en\/wp-json\/wp\/v2\/media\/4588"}],"wp:attachment":[{"href":"https:\/\/annesmurra.com\/en\/wp-json\/wp\/v2\/media?parent=4587"}],"wp:term":[{"taxonomy":"product_brand","embeddable":true,"href":"https:\/\/annesmurra.com\/en\/wp-json\/wp\/v2\/product_brand?post=4587"},{"taxonomy":"product_cat","embeddable":true,"href":"https:\/\/annesmurra.com\/en\/wp-json\/wp\/v2\/product_cat?post=4587"},{"taxonomy":"product_tag","embeddable":true,"href":"https:\/\/annesmurra.com\/en\/wp-json\/wp\/v2\/product_tag?post=4587"}],"curies":[{"name":"wp","href":"https:\/\/api.w.org\/{rel}","templated":true}]}}